{"id":1002,"date":"2026-05-04T07:42:52","date_gmt":"2026-05-04T07:42:52","guid":{"rendered":"https:\/\/novawinch-deutschland.de\/?page_id=1002"},"modified":"2026-05-04T07:54:31","modified_gmt":"2026-05-04T07:54:31","slug":"toro-22000","status":"publish","type":"page","link":"https:\/\/novawinch-deutschland.de\/?page_id=1002","title":{"rendered":"Toro 22000"},"content":{"rendered":"\t\t<div data-elementor-type=\"wp-page\" data-elementor-id=\"1002\" class=\"elementor elementor-1002\">\n\t\t\t\t<div class=\"elementor-element elementor-element-213e556 e-flex e-con-boxed e-con e-parent\" data-id=\"213e556\" data-element_type=\"container\">\n\t\t\t\t\t<div class=\"e-con-inner\">\n\t\t<div class=\"elementor-element elementor-element-e916f1b e-con-full e-flex e-con e-child\" data-id=\"e916f1b\" data-element_type=\"container\">\n\t\t\t\t<div class=\"elementor-element elementor-element-28f5702 elementor-widget elementor-widget-image\" data-id=\"28f5702\" data-element_type=\"widget\" data-widget_type=\"image.default\">\n\t\t\t\t<div class=\"elementor-widget-container\">\n\t\t\t\t\t\t\t\t\t\t\t\t\t\t\t<img fetchpriority=\"high\" decoding=\"async\" width=\"2048\" height=\"2048\" src=\"https:\/\/novawinch-deutschland.de\/wp-content\/uploads\/2026\/04\/Toto-22000-Freigestellt.png\" class=\"attachment-full size-full wp-image-676\" alt=\"\" srcset=\"https:\/\/novawinch-deutschland.de\/wp-content\/uploads\/2026\/04\/Toto-22000-Freigestellt.png 2048w, https:\/\/novawinch-deutschland.de\/wp-content\/uploads\/2026\/04\/Toto-22000-Freigestellt-300x300.png 300w, https:\/\/novawinch-deutschland.de\/wp-content\/uploads\/2026\/04\/Toto-22000-Freigestellt-1024x1024.png 1024w, https:\/\/novawinch-deutschland.de\/wp-content\/uploads\/2026\/04\/Toto-22000-Freigestellt-150x150.png 150w, https:\/\/novawinch-deutschland.de\/wp-content\/uploads\/2026\/04\/Toto-22000-Freigestellt-768x768.png 768w, https:\/\/novawinch-deutschland.de\/wp-content\/uploads\/2026\/04\/Toto-22000-Freigestellt-1536x1536.png 1536w\" sizes=\"(max-width: 2048px) 100vw, 2048px\" \/>\t\t\t\t\t\t\t\t\t\t\t\t\t\t\t<\/div>\n\t\t\t\t<\/div>\n\t\t\t\t<\/div>\n\t\t<div class=\"elementor-element elementor-element-9a29312 e-con-full e-flex e-con e-child\" data-id=\"9a29312\" data-element_type=\"container\">\n\t\t\t\t<div class=\"elementor-element elementor-element-f2a185b elementor-widget elementor-widget-heading\" data-id=\"f2a185b\" data-element_type=\"widget\" data-widget_type=\"heading.default\">\n\t\t\t\t<div class=\"elementor-widget-container\">\n\t\t\t\t\t<h2 class=\"elementor-heading-title elementor-size-default\">Toro 22000<\/h2>\t\t\t\t<\/div>\n\t\t\t\t<\/div>\n\t\t\t\t<div class=\"elementor-element elementor-element-556d230 elementor-widget elementor-widget-text-editor\" data-id=\"556d230\" data-element_type=\"widget\" data-widget_type=\"text-editor.default\">\n\t\t\t\t<div class=\"elementor-widget-container\">\n\t\t\t\t\t\t\t\t\t<p>Kompakt und stark \u2013 das ist die\u00a0<strong>TORO 22000.<\/strong><\/p>\t\t\t\t\t\t\t\t<\/div>\n\t\t\t\t<\/div>\n\t\t\t\t<\/div>\n\t\t\t\t\t<\/div>\n\t\t\t\t<\/div>\n\t\t<div class=\"elementor-element elementor-element-050c728 e-flex e-con-boxed e-con e-parent\" data-id=\"050c728\" data-element_type=\"container\">\n\t\t\t\t\t<div class=\"e-con-inner\">\n\t\t\t\t<div class=\"elementor-element elementor-element-9d6faca elementor-widget elementor-widget-text-editor\" data-id=\"9d6faca\" data-element_type=\"widget\" data-widget_type=\"text-editor.default\">\n\t\t\t\t<div class=\"elementor-widget-container\">\n\t\t\t\t\t\t\t\t\t<p style=\"font-weight: 400;\">Durch ihre geringen Abmessungen ist die\u00a0<strong>TORO 2200<\/strong>\u00a0die optimale\u00a0<u>Hydraulikwinde<\/u>\u00a0bei beengten Platzverh\u00e4ltnissen. Der serienm\u00e4\u00dfige pneumatische Freilauf erlaubt die Montage an schwer zug\u00e4nglichen Positionen, da ein direktes Eingreifen an der Winde nicht mehr n\u00f6tig ist.<\/p><p style=\"font-weight: 400;\">Die leistungsf\u00e4hige Scheibenbremse in Kombination mit dem Senkbremsventil machen das Arbeiten sehr sicher und komfortabel. Dank geh\u00e4rteter Zahnr\u00e4der im Planetengetriebe und hochwertiger Hydraulikkomponenten k\u00f6nnen Sie auf eine hohe Lebensdauer vertrauen.<\/p>\t\t\t\t\t\t\t\t<\/div>\n\t\t\t\t<\/div>\n\t\t\t\t\t<\/div>\n\t\t\t\t<\/div>\n\t\t<div class=\"elementor-element elementor-element-86bb26c e-flex e-con-boxed e-con e-parent\" data-id=\"86bb26c\" data-element_type=\"container\">\n\t\t\t\t\t<div class=\"e-con-inner\">\n\t\t<div class=\"elementor-element elementor-element-c9d0976 e-con-full e-flex e-con e-child\" data-id=\"c9d0976\" data-element_type=\"container\" data-settings=\"{&quot;background_background&quot;:&quot;classic&quot;}\">\n\t\t<div class=\"elementor-element elementor-element-6777131 e-con-full e-flex e-con e-child\" data-id=\"6777131\" data-element_type=\"container\" data-settings=\"{&quot;background_background&quot;:&quot;classic&quot;}\">\n\t\t<div class=\"elementor-element elementor-element-3296d01 e-con-full e-flex e-con e-child\" data-id=\"3296d01\" data-element_type=\"container\" data-settings=\"{&quot;background_background&quot;:&quot;classic&quot;}\">\n\t\t\t\t<div class=\"elementor-element elementor-element-323c6c8 elementor-widget elementor-widget-image\" data-id=\"323c6c8\" data-element_type=\"widget\" data-widget_type=\"image.default\">\n\t\t\t\t<div class=\"elementor-widget-container\">\n\t\t\t\t\t\t\t\t\t\t\t\t\t\t\t<img decoding=\"async\" width=\"512\" height=\"512\" src=\"https:\/\/novawinch-deutschland.de\/wp-content\/uploads\/2025\/09\/sweet_6722790.png\" class=\"attachment-full size-full wp-image-191\" alt=\"\" srcset=\"https:\/\/novawinch-deutschland.de\/wp-content\/uploads\/2025\/09\/sweet_6722790.png 512w, https:\/\/novawinch-deutschland.de\/wp-content\/uploads\/2025\/09\/sweet_6722790-300x300.png 300w, https:\/\/novawinch-deutschland.de\/wp-content\/uploads\/2025\/09\/sweet_6722790-150x150.png 150w\" sizes=\"(max-width: 512px) 100vw, 512px\" \/>\t\t\t\t\t\t\t\t\t\t\t\t\t\t\t<\/div>\n\t\t\t\t<\/div>\n\t\t\t\t<\/div>\n\t\t\t\t<div class=\"elementor-element elementor-element-dfc3bfc elementor-widget elementor-widget-heading\" data-id=\"dfc3bfc\" data-element_type=\"widget\" data-widget_type=\"heading.default\">\n\t\t\t\t<div class=\"elementor-widget-container\">\n\t\t\t\t\t<h2 class=\"elementor-heading-title elementor-size-default\">Senkventil<\/h2>\t\t\t\t<\/div>\n\t\t\t\t<\/div>\n\t\t\t\t<\/div>\n\t\t\t\t<\/div>\n\t\t<div class=\"elementor-element elementor-element-ced81a9 e-con-full e-flex e-con e-child\" data-id=\"ced81a9\" data-element_type=\"container\" data-settings=\"{&quot;background_background&quot;:&quot;classic&quot;}\">\n\t\t<div class=\"elementor-element elementor-element-6bc22bb e-con-full e-flex e-con e-child\" data-id=\"6bc22bb\" data-element_type=\"container\" data-settings=\"{&quot;background_background&quot;:&quot;classic&quot;}\">\n\t\t<div class=\"elementor-element elementor-element-39e13b9 e-con-full e-flex e-con e-child\" data-id=\"39e13b9\" data-element_type=\"container\" data-settings=\"{&quot;background_background&quot;:&quot;classic&quot;}\">\n\t\t\t\t<div class=\"elementor-element elementor-element-e2e6e1d elementor-widget elementor-widget-image\" data-id=\"e2e6e1d\" data-element_type=\"widget\" data-widget_type=\"image.default\">\n\t\t\t\t<div class=\"elementor-widget-container\">\n\t\t\t\t\t\t\t\t\t\t\t\t\t\t\t<img decoding=\"async\" width=\"512\" height=\"512\" src=\"https:\/\/novawinch-deutschland.de\/wp-content\/uploads\/2025\/09\/scroll_1404119.png\" class=\"attachment-full size-full wp-image-190\" alt=\"\" srcset=\"https:\/\/novawinch-deutschland.de\/wp-content\/uploads\/2025\/09\/scroll_1404119.png 512w, https:\/\/novawinch-deutschland.de\/wp-content\/uploads\/2025\/09\/scroll_1404119-300x300.png 300w, https:\/\/novawinch-deutschland.de\/wp-content\/uploads\/2025\/09\/scroll_1404119-150x150.png 150w\" sizes=\"(max-width: 512px) 100vw, 512px\" \/>\t\t\t\t\t\t\t\t\t\t\t\t\t\t\t<\/div>\n\t\t\t\t<\/div>\n\t\t\t\t<\/div>\n\t\t\t\t<div class=\"elementor-element elementor-element-5b9ebf5 elementor-widget elementor-widget-heading\" data-id=\"5b9ebf5\" data-element_type=\"widget\" data-widget_type=\"heading.default\">\n\t\t\t\t<div class=\"elementor-widget-container\">\n\t\t\t\t\t<h2 class=\"elementor-heading-title elementor-size-default\">Seilandruck-vorrichtung<\/h2>\t\t\t\t<\/div>\n\t\t\t\t<\/div>\n\t\t\t\t<\/div>\n\t\t\t\t<\/div>\n\t\t<div class=\"elementor-element elementor-element-3868f2f e-con-full e-flex e-con e-child\" data-id=\"3868f2f\" data-element_type=\"container\" data-settings=\"{&quot;background_background&quot;:&quot;classic&quot;}\">\n\t\t<div class=\"elementor-element elementor-element-832730c e-con-full e-flex e-con e-child\" data-id=\"832730c\" data-element_type=\"container\" data-settings=\"{&quot;background_background&quot;:&quot;classic&quot;}\">\n\t\t<div class=\"elementor-element elementor-element-cb049eb e-con-full e-flex e-con e-child\" data-id=\"cb049eb\" data-element_type=\"container\" data-settings=\"{&quot;background_background&quot;:&quot;classic&quot;}\">\n\t\t\t\t<div class=\"elementor-element elementor-element-ba005b1 elementor-widget elementor-widget-image\" data-id=\"ba005b1\" data-element_type=\"widget\" data-widget_type=\"image.default\">\n\t\t\t\t<div class=\"elementor-widget-container\">\n\t\t\t\t\t\t\t\t\t\t\t\t\t\t\t<img loading=\"lazy\" decoding=\"async\" width=\"64\" height=\"64\" src=\"https:\/\/novawinch-deutschland.de\/wp-content\/uploads\/2025\/09\/icons8-prozess-64.png\" class=\"attachment-full size-full wp-image-194\" alt=\"\" \/>\t\t\t\t\t\t\t\t\t\t\t\t\t\t\t<\/div>\n\t\t\t\t<\/div>\n\t\t\t\t<\/div>\n\t\t\t\t<div class=\"elementor-element elementor-element-16f0415 elementor-widget elementor-widget-heading\" data-id=\"16f0415\" data-element_type=\"widget\" data-widget_type=\"heading.default\">\n\t\t\t\t<div class=\"elementor-widget-container\">\n\t\t\t\t\t<h2 class=\"elementor-heading-title elementor-size-default\">Pneumatischer Freilauf<\/h2>\t\t\t\t<\/div>\n\t\t\t\t<\/div>\n\t\t\t\t<\/div>\n\t\t\t\t<\/div>\n\t\t\t\t\t<\/div>\n\t\t\t\t<\/div>\n\t\t<div class=\"elementor-element elementor-element-6b26211 e-flex e-con-boxed e-con e-parent\" data-id=\"6b26211\" data-element_type=\"container\">\n\t\t\t\t\t<div class=\"e-con-inner\">\n\t\t<div class=\"elementor-element elementor-element-7285f9a e-con-full e-flex e-con e-child\" data-id=\"7285f9a\" data-element_type=\"container\">\n\t\t<div class=\"elementor-element elementor-element-db375ae e-con-full e-grid e-con e-child\" data-id=\"db375ae\" data-element_type=\"container\">\n\t\t\t\t<div class=\"elementor-element elementor-element-e4aa371 elementor-widget elementor-widget-text-editor\" data-id=\"e4aa371\" data-element_type=\"widget\" data-widget_type=\"text-editor.default\">\n\t\t\t\t<div class=\"elementor-widget-container\">\n\t\t\t\t\t\t\t\t\t<p>Zugkraft auf 1. Seillage<\/p>\t\t\t\t\t\t\t\t<\/div>\n\t\t\t\t<\/div>\n\t\t\t\t<div class=\"elementor-element elementor-element-964fab7 elementor-widget elementor-widget-text-editor\" data-id=\"964fab7\" data-element_type=\"widget\" data-widget_type=\"text-editor.default\">\n\t\t\t\t<div class=\"elementor-widget-container\">\n\t\t\t\t\t\t\t\t\t<p>9979 kg<\/p>\t\t\t\t\t\t\t\t<\/div>\n\t\t\t\t<\/div>\n\t\t\t\t<\/div>\n\t\t<div class=\"elementor-element elementor-element-808e41a e-con-full e-grid e-con e-child\" data-id=\"808e41a\" data-element_type=\"container\">\n\t\t\t\t<div class=\"elementor-element elementor-element-a664154 elementor-widget elementor-widget-text-editor\" data-id=\"a664154\" data-element_type=\"widget\" data-widget_type=\"text-editor.default\">\n\t\t\t\t<div class=\"elementor-widget-container\">\n\t\t\t\t\t\t\t\t\t<p>Motor<\/p>\t\t\t\t\t\t\t\t<\/div>\n\t\t\t\t<\/div>\n\t\t\t\t<div class=\"elementor-element elementor-element-49213c4 elementor-widget elementor-widget-text-editor\" data-id=\"49213c4\" data-element_type=\"widget\" data-widget_type=\"text-editor.default\">\n\t\t\t\t<div class=\"elementor-widget-container\">\n\t\t\t\t\t\t\t\t\t<p>194 ccm<\/p>\t\t\t\t\t\t\t\t<\/div>\n\t\t\t\t<\/div>\n\t\t\t\t<\/div>\n\t\t<div class=\"elementor-element elementor-element-4c92cc5 e-con-full e-grid e-con e-child\" data-id=\"4c92cc5\" data-element_type=\"container\">\n\t\t\t\t<div class=\"elementor-element elementor-element-2c5e6f8 elementor-widget elementor-widget-text-editor\" data-id=\"2c5e6f8\" data-element_type=\"widget\" data-widget_type=\"text-editor.default\">\n\t\t\t\t<div class=\"elementor-widget-container\">\n\t\t\t\t\t\t\t\t\t<p>Getriebe<\/p>\t\t\t\t\t\t\t\t<\/div>\n\t\t\t\t<\/div>\n\t\t\t\t<div class=\"elementor-element elementor-element-8ab061e elementor-widget elementor-widget-text-editor\" data-id=\"8ab061e\" data-element_type=\"widget\" data-widget_type=\"text-editor.default\">\n\t\t\t\t<div class=\"elementor-widget-container\">\n\t\t\t\t\t\t\t\t\t<p>i = 22.67:1<\/p>\t\t\t\t\t\t\t\t<\/div>\n\t\t\t\t<\/div>\n\t\t\t\t<\/div>\n\t\t<div class=\"elementor-element elementor-element-f97e177 e-con-full e-grid e-con e-child\" data-id=\"f97e177\" data-element_type=\"container\">\n\t\t\t\t<div class=\"elementor-element elementor-element-633b809 elementor-widget elementor-widget-text-editor\" data-id=\"633b809\" data-element_type=\"widget\" data-widget_type=\"text-editor.default\">\n\t\t\t\t<div class=\"elementor-widget-container\">\n\t\t\t\t\t\t\t\t\t<p>Freilauf<\/p>\t\t\t\t\t\t\t\t<\/div>\n\t\t\t\t<\/div>\n\t\t\t\t<div class=\"elementor-element elementor-element-2d0685d elementor-widget elementor-widget-text-editor\" data-id=\"2d0685d\" data-element_type=\"widget\" data-widget_type=\"text-editor.default\">\n\t\t\t\t<div class=\"elementor-widget-container\">\n\t\t\t\t\t\t\t\t\t<p>Pneumatisch<\/p>\t\t\t\t\t\t\t\t<\/div>\n\t\t\t\t<\/div>\n\t\t\t\t<\/div>\n\t\t<div class=\"elementor-element elementor-element-7e733b8 e-con-full e-grid e-con e-child\" data-id=\"7e733b8\" data-element_type=\"container\">\n\t\t\t\t<div class=\"elementor-element elementor-element-2e866b8 elementor-widget elementor-widget-text-editor\" data-id=\"2e866b8\" data-element_type=\"widget\" data-widget_type=\"text-editor.default\">\n\t\t\t\t<div class=\"elementor-widget-container\">\n\t\t\t\t\t\t\t\t\t<p>Bremse<\/p>\t\t\t\t\t\t\t\t<\/div>\n\t\t\t\t<\/div>\n\t\t\t\t<div class=\"elementor-element elementor-element-8c5aea6 elementor-widget elementor-widget-text-editor\" data-id=\"8c5aea6\" data-element_type=\"widget\" data-widget_type=\"text-editor.default\">\n\t\t\t\t<div class=\"elementor-widget-container\">\n\t\t\t\t\t\t\t\t\t<p>Mehrscheibenbremse<\/p>\t\t\t\t\t\t\t\t<\/div>\n\t\t\t\t<\/div>\n\t\t\t\t<\/div>\n\t\t<div class=\"elementor-element elementor-element-ce92ea9 e-con-full e-grid e-con e-child\" data-id=\"ce92ea9\" data-element_type=\"container\">\n\t\t\t\t<div class=\"elementor-element elementor-element-62dbbd3 elementor-widget elementor-widget-text-editor\" data-id=\"62dbbd3\" data-element_type=\"widget\" data-widget_type=\"text-editor.default\">\n\t\t\t\t<div class=\"elementor-widget-container\">\n\t\t\t\t\t\t\t\t\t<p>Trommelgr\u00f6\u00dfe<\/p>\t\t\t\t\t\t\t\t<\/div>\n\t\t\t\t<\/div>\n\t\t\t\t<div class=\"elementor-element elementor-element-046357e elementor-widget elementor-widget-text-editor\" data-id=\"046357e\" data-element_type=\"widget\" data-widget_type=\"text-editor.default\">\n\t\t\t\t<div class=\"elementor-widget-container\">\n\t\t\t\t\t\t\t\t\t<p>d = 138 mm L = 300 mm<\/p>\t\t\t\t\t\t\t\t<\/div>\n\t\t\t\t<\/div>\n\t\t\t\t<\/div>\n\t\t<div class=\"elementor-element elementor-element-592fed8 e-con-full e-grid e-con e-child\" data-id=\"592fed8\" data-element_type=\"container\">\n\t\t\t\t<div class=\"elementor-element elementor-element-c29d4b0 elementor-widget elementor-widget-text-editor\" data-id=\"c29d4b0\" data-element_type=\"widget\" data-widget_type=\"text-editor.default\">\n\t\t\t\t<div class=\"elementor-widget-container\">\n\t\t\t\t\t\t\t\t\t<p>Empfohlenes Seil (nicht im Lieferumfang)<\/p>\t\t\t\t\t\t\t\t<\/div>\n\t\t\t\t<\/div>\n\t\t\t\t<div class=\"elementor-element elementor-element-28d485e elementor-widget elementor-widget-text-editor\" data-id=\"28d485e\" data-element_type=\"widget\" data-widget_type=\"text-editor.default\">\n\t\t\t\t<div class=\"elementor-widget-container\">\n\t\t\t\t\t\t\t\t\t<p>16 mm x 42 m Stahlseil<\/p>\t\t\t\t\t\t\t\t<\/div>\n\t\t\t\t<\/div>\n\t\t\t\t<\/div>\n\t\t<div class=\"elementor-element elementor-element-b109e98 e-con-full e-grid e-con e-child\" data-id=\"b109e98\" data-element_type=\"container\">\n\t\t\t\t<div class=\"elementor-element elementor-element-c3e62fd elementor-widget elementor-widget-text-editor\" data-id=\"c3e62fd\" data-element_type=\"widget\" data-widget_type=\"text-editor.default\">\n\t\t\t\t<div class=\"elementor-widget-container\">\n\t\t\t\t\t\t\t\t\t<p>Montage Lochbild<\/p>\t\t\t\t\t\t\t\t<\/div>\n\t\t\t\t<\/div>\n\t\t\t\t<div class=\"elementor-element elementor-element-47fa47d elementor-widget elementor-widget-text-editor\" data-id=\"47fa47d\" data-element_type=\"widget\" data-widget_type=\"text-editor.default\">\n\t\t\t\t<div class=\"elementor-widget-container\">\n\t\t\t\t\t\t\t\t\t<p>431 mm x 64 mm<\/p><p>431 mm x 192 mm<\/p>\t\t\t\t\t\t\t\t<\/div>\n\t\t\t\t<\/div>\n\t\t\t\t<\/div>\n\t\t<div class=\"elementor-element elementor-element-3a930b4 e-con-full e-grid e-con e-child\" data-id=\"3a930b4\" data-element_type=\"container\">\n\t\t\t\t<div class=\"elementor-element elementor-element-02653db elementor-widget elementor-widget-text-editor\" data-id=\"02653db\" data-element_type=\"widget\" data-widget_type=\"text-editor.default\">\n\t\t\t\t<div class=\"elementor-widget-container\">\n\t\t\t\t\t\t\t\t\t<p>Gewicht<\/p>\t\t\t\t\t\t\t\t<\/div>\n\t\t\t\t<\/div>\n\t\t\t\t<div class=\"elementor-element elementor-element-ee6935f elementor-widget elementor-widget-text-editor\" data-id=\"ee6935f\" data-element_type=\"widget\" data-widget_type=\"text-editor.default\">\n\t\t\t\t<div class=\"elementor-widget-container\">\n\t\t\t\t\t\t\t\t\t<p>125kg<\/p>\t\t\t\t\t\t\t\t<\/div>\n\t\t\t\t<\/div>\n\t\t\t\t<\/div>\n\t\t<div class=\"elementor-element elementor-element-0049185 e-con-full e-grid e-con e-child\" data-id=\"0049185\" data-element_type=\"container\">\n\t\t\t\t<div class=\"elementor-element elementor-element-e7707ea elementor-widget elementor-widget-text-editor\" data-id=\"e7707ea\" data-element_type=\"widget\" data-widget_type=\"text-editor.default\">\n\t\t\t\t<div class=\"elementor-widget-container\">\n\t\t\t\t\t\t\t\t\t<p>Seilgeschwindigkeit auf der 1. Seill\u00e4nge<\/p>\t\t\t\t\t\t\t\t<\/div>\n\t\t\t\t<\/div>\n\t\t\t\t<div class=\"elementor-element elementor-element-ea873be elementor-widget elementor-widget-text-editor\" data-id=\"ea873be\" data-element_type=\"widget\" data-widget_type=\"text-editor.default\">\n\t\t\t\t<div class=\"elementor-widget-container\">\n\t\t\t\t\t\t\t\t\t<p>7 m\/min<\/p>\t\t\t\t\t\t\t\t<\/div>\n\t\t\t\t<\/div>\n\t\t\t\t<\/div>\n\t\t<div class=\"elementor-element elementor-element-bd56b64 e-con-full e-grid e-con e-child\" data-id=\"bd56b64\" data-element_type=\"container\">\n\t\t\t\t<div class=\"elementor-element elementor-element-cb980a8 elementor-widget elementor-widget-text-editor\" data-id=\"cb980a8\" data-element_type=\"widget\" data-widget_type=\"text-editor.default\">\n\t\t\t\t<div class=\"elementor-widget-container\">\n\t\t\t\t\t\t\t\t\t<p>Seilgeschwindigkeit auf der 4. Seill\u00e4nge<\/p>\t\t\t\t\t\t\t\t<\/div>\n\t\t\t\t<\/div>\n\t\t\t\t<div class=\"elementor-element elementor-element-375775b elementor-widget elementor-widget-text-editor\" data-id=\"375775b\" data-element_type=\"widget\" data-widget_type=\"text-editor.default\">\n\t\t\t\t<div class=\"elementor-widget-container\">\n\t\t\t\t\t\t\t\t\t<p>10,9 m\/min<\/p>\t\t\t\t\t\t\t\t<\/div>\n\t\t\t\t<\/div>\n\t\t\t\t<\/div>\n\t\t\t\t<\/div>\n\t\t\t\t\t<\/div>\n\t\t\t\t<\/div>\n\t\t<div class=\"elementor-element elementor-element-627dec0 e-flex e-con-boxed e-con e-parent\" data-id=\"627dec0\" data-element_type=\"container\">\n\t\t\t\t\t<div class=\"e-con-inner\">\n\t\t\t\t<div class=\"elementor-element elementor-element-163d049 elementor-widget elementor-widget-button\" data-id=\"163d049\" data-element_type=\"widget\" data-widget_type=\"button.default\">\n\t\t\t\t<div class=\"elementor-widget-container\">\n\t\t\t\t\t\t\t\t\t<div class=\"elementor-button-wrapper\">\n\t\t\t\t\t<a class=\"elementor-button elementor-button-link elementor-size-sm\" href=\"https:\/\/wiegel-shop.de\/products\/novawinch-seilwinde-toro-22000\">\n\t\t\t\t\t\t<span class=\"elementor-button-content-wrapper\">\n\t\t\t\t\t\t<span class=\"elementor-button-icon\">\n\t\t\t\t<i aria-hidden=\"true\" class=\"fas fa-shopping-cart\"><\/i>\t\t\t<\/span>\n\t\t\t\t\t\t\t\t\t<span class=\"elementor-button-text\">Zum Shop<\/span>\n\t\t\t\t\t<\/span>\n\t\t\t\t\t<\/a>\n\t\t\t\t<\/div>\n\t\t\t\t\t\t\t\t<\/div>\n\t\t\t\t<\/div>\n\t\t\t\t\t<\/div>\n\t\t\t\t<\/div>\n\t\t\t\t<\/div>\n\t\t","protected":false},"excerpt":{"rendered":"<p>Toro 22000 Kompakt und stark \u2013 das ist die\u00a0TORO 22000. Durch ihre geringen Abmessungen ist die\u00a0TORO 2200\u00a0die optimale\u00a0Hydraulikwinde\u00a0bei beengten Platzverh\u00e4ltnissen. Der serienm\u00e4\u00dfige pneumatische Freilauf erlaubt die Montage an schwer zug\u00e4nglichen Positionen, da ein direktes Eingreifen an der Winde nicht mehr n\u00f6tig ist. Die leistungsf\u00e4hige Scheibenbremse in Kombination mit dem Senkbremsventil machen das Arbeiten sehr sicher [&hellip;]<\/p>\n","protected":false},"author":1,"featured_media":0,"parent":0,"menu_order":0,"comment_status":"closed","ping_status":"closed","template":"","meta":{"footnotes":""},"class_list":["post-1002","page","type-page","status-publish","hentry"],"_links":{"self":[{"href":"https:\/\/novawinch-deutschland.de\/index.php?rest_route=\/wp\/v2\/pages\/1002","targetHints":{"allow":["GET"]}}],"collection":[{"href":"https:\/\/novawinch-deutschland.de\/index.php?rest_route=\/wp\/v2\/pages"}],"about":[{"href":"https:\/\/novawinch-deutschland.de\/index.php?rest_route=\/wp\/v2\/types\/page"}],"author":[{"embeddable":true,"href":"https:\/\/novawinch-deutschland.de\/index.php?rest_route=\/wp\/v2\/users\/1"}],"replies":[{"embeddable":true,"href":"https:\/\/novawinch-deutschland.de\/index.php?rest_route=%2Fwp%2Fv2%2Fcomments&post=1002"}],"version-history":[{"count":12,"href":"https:\/\/novawinch-deutschland.de\/index.php?rest_route=\/wp\/v2\/pages\/1002\/revisions"}],"predecessor-version":[{"id":1014,"href":"https:\/\/novawinch-deutschland.de\/index.php?rest_route=\/wp\/v2\/pages\/1002\/revisions\/1014"}],"wp:attachment":[{"href":"https:\/\/novawinch-deutschland.de\/index.php?rest_route=%2Fwp%2Fv2%2Fmedia&parent=1002"}],"curies":[{"name":"wp","href":"https:\/\/api.w.org\/{rel}","templated":true}]}}