{"id":308,"date":"2025-09-23T04:52:24","date_gmt":"2025-09-23T04:52:24","guid":{"rendered":"https:\/\/novawinch-deutschland.de\/?page_id=308"},"modified":"2025-09-23T04:58:00","modified_gmt":"2025-09-23T04:58:00","slug":"pro-plus-9500","status":"publish","type":"page","link":"https:\/\/novawinch-deutschland.de\/?page_id=308","title":{"rendered":"Pro Plus 9500"},"content":{"rendered":"\t\t<div data-elementor-type=\"wp-page\" data-elementor-id=\"308\" class=\"elementor elementor-308\">\n\t\t\t\t<div class=\"elementor-element elementor-element-213e556 e-flex e-con-boxed e-con e-parent\" data-id=\"213e556\" data-element_type=\"container\">\n\t\t\t\t\t<div class=\"e-con-inner\">\n\t\t<div class=\"elementor-element elementor-element-e916f1b e-con-full e-flex e-con e-child\" data-id=\"e916f1b\" data-element_type=\"container\">\n\t\t\t\t<div class=\"elementor-element elementor-element-28f5702 elementor-widget elementor-widget-image\" data-id=\"28f5702\" data-element_type=\"widget\" data-widget_type=\"image.default\">\n\t\t\t\t<div class=\"elementor-widget-container\">\n\t\t\t\t\t\t\t\t\t\t\t\t\t\t\t<img fetchpriority=\"high\" decoding=\"async\" width=\"1100\" height=\"824\" src=\"https:\/\/novawinch-deutschland.de\/wp-content\/uploads\/2025\/09\/PRO12500-Plus-e1758603105778.png\" class=\"attachment-full size-full wp-image-307\" alt=\"\" srcset=\"https:\/\/novawinch-deutschland.de\/wp-content\/uploads\/2025\/09\/PRO12500-Plus-e1758603105778.png 1100w, https:\/\/novawinch-deutschland.de\/wp-content\/uploads\/2025\/09\/PRO12500-Plus-e1758603105778-300x225.png 300w, https:\/\/novawinch-deutschland.de\/wp-content\/uploads\/2025\/09\/PRO12500-Plus-e1758603105778-1024x767.png 1024w, https:\/\/novawinch-deutschland.de\/wp-content\/uploads\/2025\/09\/PRO12500-Plus-e1758603105778-768x575.png 768w\" sizes=\"(max-width: 1100px) 100vw, 1100px\" \/>\t\t\t\t\t\t\t\t\t\t\t\t\t\t\t<\/div>\n\t\t\t\t<\/div>\n\t\t\t\t<\/div>\n\t\t<div class=\"elementor-element elementor-element-9a29312 e-con-full e-flex e-con e-child\" data-id=\"9a29312\" data-element_type=\"container\">\n\t\t\t\t<div class=\"elementor-element elementor-element-f2a185b elementor-widget elementor-widget-heading\" data-id=\"f2a185b\" data-element_type=\"widget\" data-widget_type=\"heading.default\">\n\t\t\t\t<div class=\"elementor-widget-container\">\n\t\t\t\t\t<h2 class=\"elementor-heading-title elementor-size-default\">Pro Plus 9500<\/h2>\t\t\t\t<\/div>\n\t\t\t\t<\/div>\n\t\t\t\t<div class=\"elementor-element elementor-element-556d230 elementor-widget elementor-widget-text-editor\" data-id=\"556d230\" data-element_type=\"widget\" data-widget_type=\"text-editor.default\">\n\t\t\t\t<div class=\"elementor-widget-container\">\n\t\t\t\t\t\t\t\t\t<p>Kompromisslose Performace f\u00fcr professionelle Anwendungen.<\/p>\t\t\t\t\t\t\t\t<\/div>\n\t\t\t\t<\/div>\n\t\t\t\t<\/div>\n\t\t\t\t\t<\/div>\n\t\t\t\t<\/div>\n\t\t<div class=\"elementor-element elementor-element-050c728 e-flex e-con-boxed e-con e-parent\" data-id=\"050c728\" data-element_type=\"container\">\n\t\t\t\t\t<div class=\"e-con-inner\">\n\t\t\t\t<div class=\"elementor-element elementor-element-9d6faca elementor-widget elementor-widget-text-editor\" data-id=\"9d6faca\" data-element_type=\"widget\" data-widget_type=\"text-editor.default\">\n\t\t\t\t<div class=\"elementor-widget-container\">\n\t\t\t\t\t\t\t\t\t<p>Die leistungsf\u00e4hige Stinger Seilwinde ist ein unverzichtbares Werkzeug f\u00fcr Offroad-Enthusiasten, die sich abseits befestigter Stra\u00dfen in anspruchsvolles Gel\u00e4nde wagen. Aber auch f\u00fcr andere Einsatzzwecke, wie den Einsatz auf leichten Abschleppfahrzeugen, ist die Stinger Serie bestens ger\u00fcstet. Dank der standfesten Elektronik und dem starken Motor, der mit einem robusten Planetengetriebe gepaart ist, bietet die Stinger-Serie ein sehr gutes Preis-Leistungs-Verh\u00e4ltnis. Der manuelle Freilauf der Seiltrommel erm\u00f6glicht ein sehr schnelles Abziehen des langen Stahlseils und verk\u00fcrzt somit die Arbeitszeit deutlich. Aufgrund der drei unterschiedlichen Modelle, mit Zugkr\u00e4ften von 3,6 t bis zu 5,4 t und der kompakten Bauweise mit integriertem Relaiskasten, ist die Stinger Winde f\u00fcr alle Fahrzeuge mit 12 V Bordnetz eine ideale Seilwinde.<\/p>\t\t\t\t\t\t\t\t<\/div>\n\t\t\t\t<\/div>\n\t\t\t\t\t<\/div>\n\t\t\t\t<\/div>\n\t\t<div class=\"elementor-element elementor-element-86bb26c e-flex e-con-boxed e-con e-parent\" data-id=\"86bb26c\" data-element_type=\"container\">\n\t\t\t\t\t<div class=\"e-con-inner\">\n\t\t<div class=\"elementor-element elementor-element-c9d0976 e-con-full e-flex e-con e-child\" data-id=\"c9d0976\" data-element_type=\"container\" data-settings=\"{&quot;background_background&quot;:&quot;classic&quot;}\">\n\t\t<div class=\"elementor-element elementor-element-6777131 e-con-full e-flex e-con e-child\" data-id=\"6777131\" data-element_type=\"container\" data-settings=\"{&quot;background_background&quot;:&quot;classic&quot;}\">\n\t\t<div class=\"elementor-element elementor-element-3296d01 e-con-full e-flex e-con e-child\" data-id=\"3296d01\" data-element_type=\"container\" data-settings=\"{&quot;background_background&quot;:&quot;classic&quot;}\">\n\t\t\t\t<div class=\"elementor-element elementor-element-323c6c8 elementor-widget elementor-widget-image\" data-id=\"323c6c8\" data-element_type=\"widget\" data-widget_type=\"image.default\">\n\t\t\t\t<div class=\"elementor-widget-container\">\n\t\t\t\t\t\t\t\t\t\t\t\t\t\t\t<img decoding=\"async\" width=\"512\" height=\"512\" src=\"https:\/\/novawinch-deutschland.de\/wp-content\/uploads\/2025\/09\/sweet_6722790.png\" class=\"attachment-full size-full wp-image-191\" alt=\"\" srcset=\"https:\/\/novawinch-deutschland.de\/wp-content\/uploads\/2025\/09\/sweet_6722790.png 512w, https:\/\/novawinch-deutschland.de\/wp-content\/uploads\/2025\/09\/sweet_6722790-300x300.png 300w, https:\/\/novawinch-deutschland.de\/wp-content\/uploads\/2025\/09\/sweet_6722790-150x150.png 150w\" sizes=\"(max-width: 512px) 100vw, 512px\" \/>\t\t\t\t\t\t\t\t\t\t\t\t\t\t\t<\/div>\n\t\t\t\t<\/div>\n\t\t\t\t<\/div>\n\t\t\t\t<div class=\"elementor-element elementor-element-dfc3bfc elementor-widget elementor-widget-heading\" data-id=\"dfc3bfc\" data-element_type=\"widget\" data-widget_type=\"heading.default\">\n\t\t\t\t<div class=\"elementor-widget-container\">\n\t\t\t\t\t<h2 class=\"elementor-heading-title elementor-size-default\">Stahlseil<\/h2>\t\t\t\t<\/div>\n\t\t\t\t<\/div>\n\t\t\t\t<\/div>\n\t\t\t\t<\/div>\n\t\t<div class=\"elementor-element elementor-element-ced81a9 e-con-full e-flex e-con e-child\" data-id=\"ced81a9\" data-element_type=\"container\" data-settings=\"{&quot;background_background&quot;:&quot;classic&quot;}\">\n\t\t<div class=\"elementor-element elementor-element-6bc22bb e-con-full e-flex e-con e-child\" data-id=\"6bc22bb\" data-element_type=\"container\" data-settings=\"{&quot;background_background&quot;:&quot;classic&quot;}\">\n\t\t<div class=\"elementor-element elementor-element-39e13b9 e-con-full e-flex e-con e-child\" data-id=\"39e13b9\" data-element_type=\"container\" data-settings=\"{&quot;background_background&quot;:&quot;classic&quot;}\">\n\t\t\t\t<div class=\"elementor-element elementor-element-e2e6e1d elementor-widget elementor-widget-image\" data-id=\"e2e6e1d\" data-element_type=\"widget\" data-widget_type=\"image.default\">\n\t\t\t\t<div class=\"elementor-widget-container\">\n\t\t\t\t\t\t\t\t\t\t\t\t\t\t\t<img decoding=\"async\" width=\"512\" height=\"512\" src=\"https:\/\/novawinch-deutschland.de\/wp-content\/uploads\/2025\/09\/scroll_1404119.png\" class=\"attachment-full size-full wp-image-190\" alt=\"\" srcset=\"https:\/\/novawinch-deutschland.de\/wp-content\/uploads\/2025\/09\/scroll_1404119.png 512w, https:\/\/novawinch-deutschland.de\/wp-content\/uploads\/2025\/09\/scroll_1404119-300x300.png 300w, https:\/\/novawinch-deutschland.de\/wp-content\/uploads\/2025\/09\/scroll_1404119-150x150.png 150w\" sizes=\"(max-width: 512px) 100vw, 512px\" \/>\t\t\t\t\t\t\t\t\t\t\t\t\t\t\t<\/div>\n\t\t\t\t<\/div>\n\t\t\t\t<\/div>\n\t\t\t\t<div class=\"elementor-element elementor-element-5b9ebf5 elementor-widget elementor-widget-heading\" data-id=\"5b9ebf5\" data-element_type=\"widget\" data-widget_type=\"heading.default\">\n\t\t\t\t<div class=\"elementor-widget-container\">\n\t\t\t\t\t<h2 class=\"elementor-heading-title elementor-size-default\">Seilrollenfenster<\/h2>\t\t\t\t<\/div>\n\t\t\t\t<\/div>\n\t\t\t\t<\/div>\n\t\t\t\t<\/div>\n\t\t<div class=\"elementor-element elementor-element-a5bb334 e-con-full e-flex e-con e-child\" data-id=\"a5bb334\" data-element_type=\"container\" data-settings=\"{&quot;background_background&quot;:&quot;classic&quot;}\">\n\t\t<div class=\"elementor-element elementor-element-12c31cf e-con-full e-flex e-con e-child\" data-id=\"12c31cf\" data-element_type=\"container\" data-settings=\"{&quot;background_background&quot;:&quot;classic&quot;}\">\n\t\t<div class=\"elementor-element elementor-element-d0d1564 e-con-full e-flex e-con e-child\" data-id=\"d0d1564\" data-element_type=\"container\" data-settings=\"{&quot;background_background&quot;:&quot;classic&quot;}\">\n\t\t\t\t<div class=\"elementor-element elementor-element-6bb2698 elementor-widget elementor-widget-image\" data-id=\"6bb2698\" data-element_type=\"widget\" data-widget_type=\"image.default\">\n\t\t\t\t<div class=\"elementor-widget-container\">\n\t\t\t\t\t\t\t\t\t\t\t\t\t\t\t<img loading=\"lazy\" decoding=\"async\" width=\"100\" height=\"100\" src=\"https:\/\/novawinch-deutschland.de\/wp-content\/uploads\/2025\/09\/icons8-fernbedienung-100.png\" class=\"attachment-full size-full wp-image-193\" alt=\"\" \/>\t\t\t\t\t\t\t\t\t\t\t\t\t\t\t<\/div>\n\t\t\t\t<\/div>\n\t\t\t\t<\/div>\n\t\t\t\t<div class=\"elementor-element elementor-element-bb8b01b elementor-widget elementor-widget-heading\" data-id=\"bb8b01b\" data-element_type=\"widget\" data-widget_type=\"heading.default\">\n\t\t\t\t<div class=\"elementor-widget-container\">\n\t\t\t\t\t<h2 class=\"elementor-heading-title elementor-size-default\">Kabel-<br>oder Funk-<br>fernbedienung<\/h2>\t\t\t\t<\/div>\n\t\t\t\t<\/div>\n\t\t\t\t<\/div>\n\t\t\t\t<\/div>\n\t\t<div class=\"elementor-element elementor-element-3868f2f e-con-full e-flex e-con e-child\" data-id=\"3868f2f\" data-element_type=\"container\" data-settings=\"{&quot;background_background&quot;:&quot;classic&quot;}\">\n\t\t<div class=\"elementor-element elementor-element-832730c e-con-full e-flex e-con e-child\" data-id=\"832730c\" data-element_type=\"container\" data-settings=\"{&quot;background_background&quot;:&quot;classic&quot;}\">\n\t\t<div class=\"elementor-element elementor-element-cb049eb e-con-full e-flex e-con e-child\" data-id=\"cb049eb\" data-element_type=\"container\" data-settings=\"{&quot;background_background&quot;:&quot;classic&quot;}\">\n\t\t\t\t<div class=\"elementor-element elementor-element-ba005b1 elementor-widget elementor-widget-image\" data-id=\"ba005b1\" data-element_type=\"widget\" data-widget_type=\"image.default\">\n\t\t\t\t<div class=\"elementor-widget-container\">\n\t\t\t\t\t\t\t\t\t\t\t\t\t\t\t<img loading=\"lazy\" decoding=\"async\" width=\"64\" height=\"64\" src=\"https:\/\/novawinch-deutschland.de\/wp-content\/uploads\/2025\/09\/icons8-prozess-64.png\" class=\"attachment-full size-full wp-image-194\" alt=\"\" \/>\t\t\t\t\t\t\t\t\t\t\t\t\t\t\t<\/div>\n\t\t\t\t<\/div>\n\t\t\t\t<\/div>\n\t\t\t\t<div class=\"elementor-element elementor-element-16f0415 elementor-widget elementor-widget-heading\" data-id=\"16f0415\" data-element_type=\"widget\" data-widget_type=\"heading.default\">\n\t\t\t\t<div class=\"elementor-widget-container\">\n\t\t\t\t\t<h2 class=\"elementor-heading-title elementor-size-default\">Freilauf<\/h2>\t\t\t\t<\/div>\n\t\t\t\t<\/div>\n\t\t\t\t<\/div>\n\t\t\t\t<\/div>\n\t\t\t\t\t<\/div>\n\t\t\t\t<\/div>\n\t\t<div class=\"elementor-element elementor-element-6b26211 e-flex e-con-boxed e-con e-parent\" data-id=\"6b26211\" data-element_type=\"container\">\n\t\t\t\t\t<div class=\"e-con-inner\">\n\t\t<div class=\"elementor-element elementor-element-7285f9a e-con-full e-flex e-con e-child\" data-id=\"7285f9a\" data-element_type=\"container\">\n\t\t<div class=\"elementor-element elementor-element-db375ae e-con-full e-grid e-con e-child\" data-id=\"db375ae\" data-element_type=\"container\">\n\t\t\t\t<div class=\"elementor-element elementor-element-e4aa371 elementor-widget elementor-widget-text-editor\" data-id=\"e4aa371\" data-element_type=\"widget\" data-widget_type=\"text-editor.default\">\n\t\t\t\t<div class=\"elementor-widget-container\">\n\t\t\t\t\t\t\t\t\t<p>Zugkraft auf 1. Seillage<\/p>\t\t\t\t\t\t\t\t<\/div>\n\t\t\t\t<\/div>\n\t\t\t\t<div class=\"elementor-element elementor-element-964fab7 elementor-widget elementor-widget-text-editor\" data-id=\"964fab7\" data-element_type=\"widget\" data-widget_type=\"text-editor.default\">\n\t\t\t\t<div class=\"elementor-widget-container\">\n\t\t\t\t\t\t\t\t\t<p>4309 kg<\/p>\t\t\t\t\t\t\t\t<\/div>\n\t\t\t\t<\/div>\n\t\t\t\t<\/div>\n\t\t<div class=\"elementor-element elementor-element-808e41a e-con-full e-grid e-con e-child\" data-id=\"808e41a\" data-element_type=\"container\">\n\t\t\t\t<div class=\"elementor-element elementor-element-a664154 elementor-widget elementor-widget-text-editor\" data-id=\"a664154\" data-element_type=\"widget\" data-widget_type=\"text-editor.default\">\n\t\t\t\t<div class=\"elementor-widget-container\">\n\t\t\t\t\t\t\t\t\t<p>Motor<\/p>\t\t\t\t\t\t\t\t<\/div>\n\t\t\t\t<\/div>\n\t\t\t\t<div class=\"elementor-element elementor-element-49213c4 elementor-widget elementor-widget-text-editor\" data-id=\"49213c4\" data-element_type=\"widget\" data-widget_type=\"text-editor.default\">\n\t\t\t\t<div class=\"elementor-widget-container\">\n\t\t\t\t\t\t\t\t\t<p>4,4 kW \/ 12 V<br \/>4,8 kW \/ 24 V<\/p>\t\t\t\t\t\t\t\t<\/div>\n\t\t\t\t<\/div>\n\t\t\t\t<\/div>\n\t\t<div class=\"elementor-element elementor-element-4c92cc5 e-con-full e-grid e-con e-child\" data-id=\"4c92cc5\" data-element_type=\"container\">\n\t\t\t\t<div class=\"elementor-element elementor-element-2c5e6f8 elementor-widget elementor-widget-text-editor\" data-id=\"2c5e6f8\" data-element_type=\"widget\" data-widget_type=\"text-editor.default\">\n\t\t\t\t<div class=\"elementor-widget-container\">\n\t\t\t\t\t\t\t\t\t<p>Getriebe<\/p>\t\t\t\t\t\t\t\t<\/div>\n\t\t\t\t<\/div>\n\t\t\t\t<div class=\"elementor-element elementor-element-8ab061e elementor-widget elementor-widget-text-editor\" data-id=\"8ab061e\" data-element_type=\"widget\" data-widget_type=\"text-editor.default\">\n\t\t\t\t<div class=\"elementor-widget-container\">\n\t\t\t\t\t\t\t\t\t<p>2-stufiges Stirnrad- und 2-stufiges Planetengetriebe i = 171:1<\/p>\t\t\t\t\t\t\t\t<\/div>\n\t\t\t\t<\/div>\n\t\t\t\t<\/div>\n\t\t<div class=\"elementor-element elementor-element-f97e177 e-con-full e-grid e-con e-child\" data-id=\"f97e177\" data-element_type=\"container\">\n\t\t\t\t<div class=\"elementor-element elementor-element-633b809 elementor-widget elementor-widget-text-editor\" data-id=\"633b809\" data-element_type=\"widget\" data-widget_type=\"text-editor.default\">\n\t\t\t\t<div class=\"elementor-widget-container\">\n\t\t\t\t\t\t\t\t\t<p>Freilauf<\/p>\t\t\t\t\t\t\t\t<\/div>\n\t\t\t\t<\/div>\n\t\t\t\t<div class=\"elementor-element elementor-element-2d0685d elementor-widget elementor-widget-text-editor\" data-id=\"2d0685d\" data-element_type=\"widget\" data-widget_type=\"text-editor.default\">\n\t\t\t\t<div class=\"elementor-widget-container\">\n\t\t\t\t\t\t\t\t\t<p>Ja &#8211; manuell<\/p>\t\t\t\t\t\t\t\t<\/div>\n\t\t\t\t<\/div>\n\t\t\t\t<\/div>\n\t\t<div class=\"elementor-element elementor-element-7e733b8 e-con-full e-grid e-con e-child\" data-id=\"7e733b8\" data-element_type=\"container\">\n\t\t\t\t<div class=\"elementor-element elementor-element-2e866b8 elementor-widget elementor-widget-text-editor\" data-id=\"2e866b8\" data-element_type=\"widget\" data-widget_type=\"text-editor.default\">\n\t\t\t\t<div class=\"elementor-widget-container\">\n\t\t\t\t\t\t\t\t\t<p>Bremse<\/p>\t\t\t\t\t\t\t\t<\/div>\n\t\t\t\t<\/div>\n\t\t\t\t<div class=\"elementor-element elementor-element-8c5aea6 elementor-widget elementor-widget-text-editor\" data-id=\"8c5aea6\" data-element_type=\"widget\" data-widget_type=\"text-editor.default\">\n\t\t\t\t<div class=\"elementor-widget-container\">\n\t\t\t\t\t\t\t\t\t<p>Automatische Bremse, Bremse im Getriebe<\/p>\t\t\t\t\t\t\t\t<\/div>\n\t\t\t\t<\/div>\n\t\t\t\t<\/div>\n\t\t<div class=\"elementor-element elementor-element-ce92ea9 e-con-full e-grid e-con e-child\" data-id=\"ce92ea9\" data-element_type=\"container\">\n\t\t\t\t<div class=\"elementor-element elementor-element-62dbbd3 elementor-widget elementor-widget-text-editor\" data-id=\"62dbbd3\" data-element_type=\"widget\" data-widget_type=\"text-editor.default\">\n\t\t\t\t<div class=\"elementor-widget-container\">\n\t\t\t\t\t\t\t\t\t<p>Trommelgr\u00f6\u00dfe<\/p>\t\t\t\t\t\t\t\t<\/div>\n\t\t\t\t<\/div>\n\t\t\t\t<div class=\"elementor-element elementor-element-046357e elementor-widget elementor-widget-text-editor\" data-id=\"046357e\" data-element_type=\"widget\" data-widget_type=\"text-editor.default\">\n\t\t\t\t<div class=\"elementor-widget-container\">\n\t\t\t\t\t\t\t\t\t<p>d = 63 mm L = 222 mm<\/p>\t\t\t\t\t\t\t\t<\/div>\n\t\t\t\t<\/div>\n\t\t\t\t<\/div>\n\t\t<div class=\"elementor-element elementor-element-14959fb e-con-full e-grid e-con e-child\" data-id=\"14959fb\" data-element_type=\"container\">\n\t\t\t\t<div class=\"elementor-element elementor-element-3238f32 elementor-widget elementor-widget-text-editor\" data-id=\"3238f32\" data-element_type=\"widget\" data-widget_type=\"text-editor.default\">\n\t\t\t\t<div class=\"elementor-widget-container\">\n\t\t\t\t\t\t\t\t\t<p>Fernbedienung<\/p>\t\t\t\t\t\t\t\t<\/div>\n\t\t\t\t<\/div>\n\t\t\t\t<div class=\"elementor-element elementor-element-3fc0a7d elementor-widget elementor-widget-text-editor\" data-id=\"3fc0a7d\" data-element_type=\"widget\" data-widget_type=\"text-editor.default\">\n\t\t\t\t<div class=\"elementor-widget-container\">\n\t\t\t\t\t\t\t\t\t<p>Kombinierte Funk- \/ Kabelfernbedienung 3,9 m Kabell\u00e4nge<\/p>\t\t\t\t\t\t\t\t<\/div>\n\t\t\t\t<\/div>\n\t\t\t\t<\/div>\n\t\t<div class=\"elementor-element elementor-element-592fed8 e-con-full e-grid e-con e-child\" data-id=\"592fed8\" data-element_type=\"container\">\n\t\t\t\t<div class=\"elementor-element elementor-element-c29d4b0 elementor-widget elementor-widget-text-editor\" data-id=\"c29d4b0\" data-element_type=\"widget\" data-widget_type=\"text-editor.default\">\n\t\t\t\t<div class=\"elementor-widget-container\">\n\t\t\t\t\t\t\t\t\t<p>Seil<\/p>\t\t\t\t\t\t\t\t<\/div>\n\t\t\t\t<\/div>\n\t\t\t\t<div class=\"elementor-element elementor-element-28d485e elementor-widget elementor-widget-text-editor\" data-id=\"28d485e\" data-element_type=\"widget\" data-widget_type=\"text-editor.default\">\n\t\t\t\t<div class=\"elementor-widget-container\">\n\t\t\t\t\t\t\t\t\t<p>9,2 mm x 26 m Stahlseil<\/p>\t\t\t\t\t\t\t\t<\/div>\n\t\t\t\t<\/div>\n\t\t\t\t<\/div>\n\t\t<div class=\"elementor-element elementor-element-b109e98 e-con-full e-grid e-con e-child\" data-id=\"b109e98\" data-element_type=\"container\">\n\t\t\t\t<div class=\"elementor-element elementor-element-c3e62fd elementor-widget elementor-widget-text-editor\" data-id=\"c3e62fd\" data-element_type=\"widget\" data-widget_type=\"text-editor.default\">\n\t\t\t\t<div class=\"elementor-widget-container\">\n\t\t\t\t\t\t\t\t\t<p>Montage Lochbild<\/p>\t\t\t\t\t\t\t\t<\/div>\n\t\t\t\t<\/div>\n\t\t\t\t<div class=\"elementor-element elementor-element-47fa47d elementor-widget elementor-widget-text-editor\" data-id=\"47fa47d\" data-element_type=\"widget\" data-widget_type=\"text-editor.default\">\n\t\t\t\t<div class=\"elementor-widget-container\">\n\t\t\t\t\t\t\t\t\t<p>254 mm x 114 mm<\/p>\t\t\t\t\t\t\t\t<\/div>\n\t\t\t\t<\/div>\n\t\t\t\t<\/div>\n\t\t<div class=\"elementor-element elementor-element-3a930b4 e-con-full e-grid e-con e-child\" data-id=\"3a930b4\" data-element_type=\"container\">\n\t\t\t\t<div class=\"elementor-element elementor-element-02653db elementor-widget elementor-widget-text-editor\" data-id=\"02653db\" data-element_type=\"widget\" data-widget_type=\"text-editor.default\">\n\t\t\t\t<div class=\"elementor-widget-container\">\n\t\t\t\t\t\t\t\t\t<p>Gewicht<\/p>\t\t\t\t\t\t\t\t<\/div>\n\t\t\t\t<\/div>\n\t\t\t\t<div class=\"elementor-element elementor-element-ee6935f elementor-widget elementor-widget-text-editor\" data-id=\"ee6935f\" data-element_type=\"widget\" data-widget_type=\"text-editor.default\">\n\t\t\t\t<div class=\"elementor-widget-container\">\n\t\t\t\t\t\t\t\t\t<p>44,5 kg<\/p>\t\t\t\t\t\t\t\t<\/div>\n\t\t\t\t<\/div>\n\t\t\t\t<\/div>\n\t\t<div class=\"elementor-element elementor-element-0049185 e-con-full e-grid e-con e-child\" data-id=\"0049185\" data-element_type=\"container\">\n\t\t\t\t<div class=\"elementor-element elementor-element-e7707ea elementor-widget elementor-widget-text-editor\" data-id=\"e7707ea\" data-element_type=\"widget\" data-widget_type=\"text-editor.default\">\n\t\t\t\t<div class=\"elementor-widget-container\">\n\t\t\t\t\t\t\t\t\t<p>Seilgeschwindigkeit und Stromaufnahme bei 0 kg Zugkraft<\/p>\t\t\t\t\t\t\t\t<\/div>\n\t\t\t\t<\/div>\n\t\t\t\t<div class=\"elementor-element elementor-element-ea873be elementor-widget elementor-widget-text-editor\" data-id=\"ea873be\" data-element_type=\"widget\" data-widget_type=\"text-editor.default\">\n\t\t\t\t<div class=\"elementor-widget-container\">\n\t\t\t\t\t\t\t\t\t<p>16 m\/min &#8211; 50 A &#8211; 12 V<br \/>16 m\/min &#8211; 30 A &#8211; 24 V<\/p>\t\t\t\t\t\t\t\t<\/div>\n\t\t\t\t<\/div>\n\t\t\t\t<\/div>\n\t\t<div class=\"elementor-element elementor-element-bd56b64 e-con-full e-grid e-con e-child\" data-id=\"bd56b64\" data-element_type=\"container\">\n\t\t\t\t<div class=\"elementor-element elementor-element-cb980a8 elementor-widget elementor-widget-text-editor\" data-id=\"cb980a8\" data-element_type=\"widget\" data-widget_type=\"text-editor.default\">\n\t\t\t\t<div class=\"elementor-widget-container\">\n\t\t\t\t\t\t\t\t\t<p>Seilgeschwindigkeit und Stromaufnahme bei max. Zugkraft<\/p>\t\t\t\t\t\t\t\t<\/div>\n\t\t\t\t<\/div>\n\t\t\t\t<div class=\"elementor-element elementor-element-375775b elementor-widget elementor-widget-text-editor\" data-id=\"375775b\" data-element_type=\"widget\" data-widget_type=\"text-editor.default\">\n\t\t\t\t<div class=\"elementor-widget-container\">\n\t\t\t\t\t\t\t\t\t<p>1,3 m\/min &#8211; 360 A &#8211; 12 V<br \/>1,7 m\/min &#8211; 200 A &#8211; 24 V<\/p>\t\t\t\t\t\t\t\t<\/div>\n\t\t\t\t<\/div>\n\t\t\t\t<\/div>\n\t\t\t\t<\/div>\n\t\t\t\t\t<\/div>\n\t\t\t\t<\/div>\n\t\t<div class=\"elementor-element elementor-element-627dec0 e-flex e-con-boxed e-con e-parent\" data-id=\"627dec0\" data-element_type=\"container\">\n\t\t\t\t\t<div class=\"e-con-inner\">\n\t\t\t\t<div class=\"elementor-element elementor-element-163d049 elementor-widget elementor-widget-button\" data-id=\"163d049\" data-element_type=\"widget\" data-widget_type=\"button.default\">\n\t\t\t\t<div class=\"elementor-widget-container\">\n\t\t\t\t\t\t\t\t\t<div class=\"elementor-button-wrapper\">\n\t\t\t\t\t<a class=\"elementor-button elementor-button-link elementor-size-sm\" href=\"https:\/\/wiegel-shop.de\/products\/novawinch-pro-9500-12v\">\n\t\t\t\t\t\t<span class=\"elementor-button-content-wrapper\">\n\t\t\t\t\t\t<span class=\"elementor-button-icon\">\n\t\t\t\t<i aria-hidden=\"true\" class=\"fas fa-shopping-cart\"><\/i>\t\t\t<\/span>\n\t\t\t\t\t\t\t\t\t<span class=\"elementor-button-text\">Zum Shop<\/span>\n\t\t\t\t\t<\/span>\n\t\t\t\t\t<\/a>\n\t\t\t\t<\/div>\n\t\t\t\t\t\t\t\t<\/div>\n\t\t\t\t<\/div>\n\t\t\t\t\t<\/div>\n\t\t\t\t<\/div>\n\t\t\t\t<\/div>\n\t\t","protected":false},"excerpt":{"rendered":"<p>Pro Plus 9500 Kompromisslose Performace f\u00fcr professionelle Anwendungen. Die leistungsf\u00e4hige Stinger Seilwinde ist ein unverzichtbares Werkzeug f\u00fcr Offroad-Enthusiasten, die sich abseits befestigter Stra\u00dfen in anspruchsvolles Gel\u00e4nde wagen. Aber auch f\u00fcr andere Einsatzzwecke, wie den Einsatz auf leichten Abschleppfahrzeugen, ist die Stinger Serie bestens ger\u00fcstet. Dank der standfesten Elektronik und dem starken Motor, der mit einem [&hellip;]<\/p>\n","protected":false},"author":1,"featured_media":0,"parent":0,"menu_order":0,"comment_status":"closed","ping_status":"closed","template":"","meta":{"footnotes":""},"class_list":["post-308","page","type-page","status-publish","hentry"],"_links":{"self":[{"href":"https:\/\/novawinch-deutschland.de\/index.php?rest_route=\/wp\/v2\/pages\/308","targetHints":{"allow":["GET"]}}],"collection":[{"href":"https:\/\/novawinch-deutschland.de\/index.php?rest_route=\/wp\/v2\/pages"}],"about":[{"href":"https:\/\/novawinch-deutschland.de\/index.php?rest_route=\/wp\/v2\/types\/page"}],"author":[{"embeddable":true,"href":"https:\/\/novawinch-deutschland.de\/index.php?rest_route=\/wp\/v2\/users\/1"}],"replies":[{"embeddable":true,"href":"https:\/\/novawinch-deutschland.de\/index.php?rest_route=%2Fwp%2Fv2%2Fcomments&post=308"}],"version-history":[{"count":7,"href":"https:\/\/novawinch-deutschland.de\/index.php?rest_route=\/wp\/v2\/pages\/308\/revisions"}],"predecessor-version":[{"id":320,"href":"https:\/\/novawinch-deutschland.de\/index.php?rest_route=\/wp\/v2\/pages\/308\/revisions\/320"}],"wp:attachment":[{"href":"https:\/\/novawinch-deutschland.de\/index.php?rest_route=%2Fwp%2Fv2%2Fmedia&parent=308"}],"curies":[{"name":"wp","href":"https:\/\/api.w.org\/{rel}","templated":true}]}}