{"id":437,"date":"2026-04-24T11:10:13","date_gmt":"2026-04-24T11:10:13","guid":{"rendered":"https:\/\/novawinch-deutschland.de\/?page_id=437"},"modified":"2026-04-29T06:24:55","modified_gmt":"2026-04-29T06:24:55","slug":"ueber-novawinch","status":"publish","type":"page","link":"https:\/\/novawinch-deutschland.de\/?page_id=437","title":{"rendered":"\u00dcber Novawinch"},"content":{"rendered":"\t\t<div data-elementor-type=\"wp-page\" data-elementor-id=\"437\" class=\"elementor elementor-437\">\n\t\t\t\t\t\t<section class=\"elementor-section elementor-top-section elementor-element elementor-element-e7bcac5 elementor-section-boxed elementor-section-height-default elementor-section-height-default\" data-id=\"e7bcac5\" data-element_type=\"section\">\n\t\t\t\t\t\t<div class=\"elementor-container elementor-column-gap-default\">\n\t\t\t\t\t<div class=\"elementor-column elementor-col-100 elementor-top-column elementor-element elementor-element-9014246\" data-id=\"9014246\" data-element_type=\"column\">\n\t\t\t<div class=\"elementor-widget-wrap elementor-element-populated\">\n\t\t\t\t\t\t<div class=\"elementor-element elementor-element-6e8cda2 elementor-widget__width-initial elementor-widget elementor-widget-heading\" data-id=\"6e8cda2\" data-element_type=\"widget\" data-widget_type=\"heading.default\">\n\t\t\t\t<div class=\"elementor-widget-container\">\n\t\t\t\t\t<h2 class=\"elementor-heading-title elementor-size-default\">\u00dcber Novawinch<\/h2>\t\t\t\t<\/div>\n\t\t\t\t<\/div>\n\t\t\t\t\t<\/div>\n\t\t<\/div>\n\t\t\t\t\t<\/div>\n\t\t<\/section>\n\t\t<div class=\"elementor-element elementor-element-2104bf3 e-flex e-con-boxed e-con e-parent\" data-id=\"2104bf3\" data-element_type=\"container\">\n\t\t\t\t\t<div class=\"e-con-inner\">\n\t\t\t\t<div class=\"elementor-element elementor-element-6480b72 elementor-widget elementor-widget-text-editor\" data-id=\"6480b72\" data-element_type=\"widget\" data-widget_type=\"text-editor.default\">\n\t\t\t\t<div class=\"elementor-widget-container\">\n\t\t\t\t\t\t\t\t\t<p>Novawinch entwickelt robuste Seilwindsysteme f\u00fcr den professionellen Einsatz in Abschlepp-, Bau und Nutzfahrzeuganwendungen. Die Produkte stehen f\u00fcr industrielle Qualit\u00e4t, zuverl\u00e4ssige Leistung und ein wirtschaftliches Preis-Leistungs-Verh\u00e4ltnis.<\/p>\n<p>In Deutschland werden Novawinch-Systeme \u00fcber Wiegel als offizieller Vertrieb- und Servicepartner betreut. Damit verbinden wir hochwertige Technik mit lokaler Fachberatung, schneller Verf\u00fcgbarkeit und verl\u00e4sslichem Service.&nbsp;<\/p>\t\t\t\t\t\t\t\t<\/div>\n\t\t\t\t<\/div>\n\t\t\t\t<div class=\"elementor-element elementor-element-0add6b7 elementor-widget elementor-widget-counter\" data-id=\"0add6b7\" data-element_type=\"widget\" data-widget_type=\"counter.default\">\n\t\t\t\t<div class=\"elementor-widget-container\">\n\t\t\t\t\t\t\t<div class=\"elementor-counter\">\n\t\t\t<div class=\"elementor-counter-title\">Jahre Erfahrung<\/div>\t\t\t<div class=\"elementor-counter-number-wrapper\">\n\t\t\t\t<span class=\"elementor-counter-number-prefix\"><\/span>\n\t\t\t\t<span class=\"elementor-counter-number\" data-duration=\"2000\" data-to-value=\"25\" data-from-value=\"0\" data-delimiter=\",\">0<\/span>\n\t\t\t\t<span class=\"elementor-counter-number-suffix\"><\/span>\n\t\t\t<\/div>\n\t\t<\/div>\n\t\t\t\t\t\t<\/div>\n\t\t\t\t<\/div>\n\t\t\t\t<div class=\"elementor-element elementor-element-85960bb elementor-align-center elementor-widget elementor-widget-button\" data-id=\"85960bb\" data-element_type=\"widget\" data-widget_type=\"button.default\">\n\t\t\t\t<div class=\"elementor-widget-container\">\n\t\t\t\t\t\t\t\t\t<div class=\"elementor-button-wrapper\">\n\t\t\t\t\t<a class=\"elementor-button elementor-button-link elementor-size-sm\" href=\"https:\/\/novawinch-deutschland.de\/?page_id=104\">\n\t\t\t\t\t\t<span class=\"elementor-button-content-wrapper\">\n\t\t\t\t\t\t\t\t\t<span class=\"elementor-button-text\">Jetzt beraten lassen<\/span>\n\t\t\t\t\t<\/span>\n\t\t\t\t\t<\/a>\n\t\t\t\t<\/div>\n\t\t\t\t\t\t\t\t<\/div>\n\t\t\t\t<\/div>\n\t\t\t\t<div class=\"elementor-element elementor-element-fec3ba4 elementor-widget elementor-widget-heading\" data-id=\"fec3ba4\" data-element_type=\"widget\" data-widget_type=\"heading.default\">\n\t\t\t\t<div class=\"elementor-widget-container\">\n\t\t\t\t\t<h2 class=\"elementor-heading-title elementor-size-default\">F\u00fcr den professionellen Einsatz<\/h2>\t\t\t\t<\/div>\n\t\t\t\t<\/div>\n\t\t\t\t<div class=\"elementor-element elementor-element-c259d8e elementor-widget elementor-widget-text-editor\" data-id=\"c259d8e\" data-element_type=\"widget\" data-widget_type=\"text-editor.default\">\n\t\t\t\t<div class=\"elementor-widget-container\">\n\t\t\t\t\t\t\t\t\t<p>Im t\u00e4glichen Betrieb z\u00e4hlen keine theoretischen Werte, sondern zuverl\u00e4ssige Funktionen unter realen Bedingungen. Novawinch Seilwinden sind genau daf\u00fcr konzipiert.&nbsp;<\/p>\t\t\t\t\t\t\t\t<\/div>\n\t\t\t\t<\/div>\n\t\t\t\t<div class=\"elementor-element elementor-element-a06d623 elementor-icon-list--layout-traditional elementor-list-item-link-full_width elementor-widget elementor-widget-icon-list\" data-id=\"a06d623\" data-element_type=\"widget\" data-widget_type=\"icon-list.default\">\n\t\t\t\t<div class=\"elementor-widget-container\">\n\t\t\t\t\t\t\t<ul class=\"elementor-icon-list-items\">\n\t\t\t\t\t\t\t<li class=\"elementor-icon-list-item\">\n\t\t\t\t\t\t\t\t\t\t\t<span class=\"elementor-icon-list-icon\">\n\t\t\t\t\t\t\t<i aria-hidden=\"true\" class=\"fas fa-greater-than\"><\/i>\t\t\t\t\t\t<\/span>\n\t\t\t\t\t\t\t\t\t\t<span class=\"elementor-icon-list-text\">Abschlepp- und Bergungsfahrzeuge<\/span>\n\t\t\t\t\t\t\t\t\t<\/li>\n\t\t\t\t\t\t\t\t<li class=\"elementor-icon-list-item\">\n\t\t\t\t\t\t\t\t\t\t\t<span class=\"elementor-icon-list-icon\">\n\t\t\t\t\t\t\t<i aria-hidden=\"true\" class=\"fas fa-greater-than\"><\/i>\t\t\t\t\t\t<\/span>\n\t\t\t\t\t\t\t\t\t\t<span class=\"elementor-icon-list-text\">Nutzfahrzeugaufbauten<\/span>\n\t\t\t\t\t\t\t\t\t<\/li>\n\t\t\t\t\t\t\t\t<li class=\"elementor-icon-list-item\">\n\t\t\t\t\t\t\t\t\t\t\t<span class=\"elementor-icon-list-icon\">\n\t\t\t\t\t\t\t<i aria-hidden=\"true\" class=\"fas fa-greater-than\"><\/i>\t\t\t\t\t\t<\/span>\n\t\t\t\t\t\t\t\t\t\t<span class=\"elementor-icon-list-text\">Bau- und Infrastrukturprojekte<\/span>\n\t\t\t\t\t\t\t\t\t<\/li>\n\t\t\t\t\t\t\t\t<li class=\"elementor-icon-list-item\">\n\t\t\t\t\t\t\t\t\t\t\t<span class=\"elementor-icon-list-icon\">\n\t\t\t\t\t\t\t<i aria-hidden=\"true\" class=\"fas fa-greater-than\"><\/i>\t\t\t\t\t\t<\/span>\n\t\t\t\t\t\t\t\t\t\t<span class=\"elementor-icon-list-text\">Industrielle Spezialanwendungen<\/span>\n\t\t\t\t\t\t\t\t\t<\/li>\n\t\t\t\t\t\t<\/ul>\n\t\t\t\t\t\t<\/div>\n\t\t\t\t<\/div>\n\t\t\t\t<div class=\"elementor-element elementor-element-e24cda2 elementor-widget elementor-widget-heading\" data-id=\"e24cda2\" data-element_type=\"widget\" data-widget_type=\"heading.default\">\n\t\t\t\t<div class=\"elementor-widget-container\">\n\t\t\t\t\t<h2 class=\"elementor-heading-title elementor-size-default\">Die Herausforderungen im Markt<\/h2>\t\t\t\t<\/div>\n\t\t\t\t<\/div>\n\t\t\t\t<div class=\"elementor-element elementor-element-ba1e698 elementor-widget elementor-widget-text-editor\" data-id=\"ba1e698\" data-element_type=\"widget\" data-widget_type=\"text-editor.default\">\n\t\t\t\t<div class=\"elementor-widget-container\">\n\t\t\t\t\t\t\t\t\t<p>Unternehmen stehen bei der Auswahl von Seilwinden h\u00e4ufig vor einem Zielkonflikt:<\/p>\t\t\t\t\t\t\t\t<\/div>\n\t\t\t\t<\/div>\n\t\t\t\t<div class=\"elementor-element elementor-element-8831113 elementor-icon-list--layout-traditional elementor-list-item-link-full_width elementor-widget elementor-widget-icon-list\" data-id=\"8831113\" data-element_type=\"widget\" data-widget_type=\"icon-list.default\">\n\t\t\t\t<div class=\"elementor-widget-container\">\n\t\t\t\t\t\t\t<ul class=\"elementor-icon-list-items\">\n\t\t\t\t\t\t\t<li class=\"elementor-icon-list-item\">\n\t\t\t\t\t\t\t\t\t\t\t<span class=\"elementor-icon-list-icon\">\n\t\t\t\t\t\t\t<i aria-hidden=\"true\" class=\"fas fa-greater-than\"><\/i>\t\t\t\t\t\t<\/span>\n\t\t\t\t\t\t\t\t\t\t<span class=\"elementor-icon-list-text\">G\u00fcnstige Produkte sind oft nicht langlebig genug<\/span>\n\t\t\t\t\t\t\t\t\t<\/li>\n\t\t\t\t\t\t\t\t<li class=\"elementor-icon-list-item\">\n\t\t\t\t\t\t\t\t\t\t\t<span class=\"elementor-icon-list-icon\">\n\t\t\t\t\t\t\t<i aria-hidden=\"true\" class=\"fas fa-greater-than\"><\/i>\t\t\t\t\t\t<\/span>\n\t\t\t\t\t\t\t\t\t\t<span class=\"elementor-icon-list-text\">Premiuml\u00f6sungen sind technisch \u00fcberzeugend, aber wirtschaftlich schwer darstellbar<\/span>\n\t\t\t\t\t\t\t\t\t<\/li>\n\t\t\t\t\t\t\t\t<li class=\"elementor-icon-list-item\">\n\t\t\t\t\t\t\t\t\t\t\t<span class=\"elementor-icon-list-icon\">\n\t\t\t\t\t\t\t<i aria-hidden=\"true\" class=\"fas fa-greater-than\"><\/i>\t\t\t\t\t\t<\/span>\n\t\t\t\t\t\t\t\t\t\t<span class=\"elementor-icon-list-text\">Verf\u00fcgbarkeit und Service sind unzureichend<\/span>\n\t\t\t\t\t\t\t\t\t<\/li>\n\t\t\t\t\t\t<\/ul>\n\t\t\t\t\t\t<\/div>\n\t\t\t\t<\/div>\n\t\t\t\t<div class=\"elementor-element elementor-element-987eba6 elementor-widget elementor-widget-text-editor\" data-id=\"987eba6\" data-element_type=\"widget\" data-widget_type=\"text-editor.default\">\n\t\t\t\t<div class=\"elementor-widget-container\">\n\t\t\t\t\t\t\t\t\t<p>Novawinch wurde entwickelt, um genau diese L\u00fccke zu schlie\u00dfen: Robuste Technik zu einem wirtschaftlich sinnvollen Niveau ohne Kompromisse bei der Einsatzf\u00e4higkeit.\u00a0<\/p>\t\t\t\t\t\t\t\t<\/div>\n\t\t\t\t<\/div>\n\t\t\t\t<div class=\"elementor-element elementor-element-71fe326 e-n-tabs-mobile elementor-widget elementor-widget-n-tabs\" data-id=\"71fe326\" data-element_type=\"widget\" data-settings=\"{&quot;motion_fx_motion_fx_mouse&quot;:&quot;yes&quot;,&quot;horizontal_scroll&quot;:&quot;disable&quot;}\" data-widget_type=\"nested-tabs.default\">\n\t\t\t\t<div class=\"elementor-widget-container\">\n\t\t\t\t\t\t\t<div class=\"e-n-tabs\" data-widget-number=\"119530278\" aria-label=\"Tabs. Open items with Enter or Space, close with Escape and navigate using the Arrow keys.\">\n\t\t\t<div class=\"e-n-tabs-heading\" role=\"tablist\">\n\t\t\t\t\t<button id=\"e-n-tab-title-1195302781\" class=\"e-n-tab-title\" aria-selected=\"true\" data-tab-index=\"1\" role=\"tab\" tabindex=\"0\" aria-controls=\"e-n-tab-content-1195302781\" style=\"--n-tabs-title-order: 1;\">\n\t\t\t\t\t\t<span class=\"e-n-tab-title-text\">\n\t\t\t\tAbschleppdienste &amp; Bergung\t\t\t<\/span>\n\t\t<\/button>\n\t\t\t\t<button id=\"e-n-tab-title-1195302782\" class=\"e-n-tab-title\" aria-selected=\"false\" data-tab-index=\"2\" role=\"tab\" tabindex=\"-1\" aria-controls=\"e-n-tab-content-1195302782\" style=\"--n-tabs-title-order: 2;\">\n\t\t\t\t\t\t<span class=\"e-n-tab-title-text\">\n\t\t\t\tBau- &amp; Infrastruktur\t\t\t<\/span>\n\t\t<\/button>\n\t\t\t\t<button id=\"e-n-tab-title-1195302783\" class=\"e-n-tab-title\" aria-selected=\"false\" data-tab-index=\"3\" role=\"tab\" tabindex=\"-1\" aria-controls=\"e-n-tab-content-1195302783\" style=\"--n-tabs-title-order: 3;\">\n\t\t\t\t\t\t<span class=\"e-n-tab-title-text\">\n\t\t\t\tNutzfahrzeugaufbauten\t\t\t<\/span>\n\t\t<\/button>\n\t\t\t\t<button id=\"e-n-tab-title-1195302784\" class=\"e-n-tab-title\" aria-selected=\"false\" data-tab-index=\"4\" role=\"tab\" tabindex=\"-1\" aria-controls=\"e-n-tab-content-1195302784\" style=\"--n-tabs-title-order: 4;\">\n\t\t\t\t\t\t<span class=\"e-n-tab-title-text\">\n\t\t\t\tForst- &amp; Spezialanwendungen\t\t\t<\/span>\n\t\t<\/button>\n\t\t\t\t\t<\/div>\n\t\t\t<div class=\"e-n-tabs-content\">\n\t\t\t\t<div id=\"e-n-tab-content-1195302781\" role=\"tabpanel\" aria-labelledby=\"e-n-tab-title-1195302781\" data-tab-index=\"1\" style=\"--n-tabs-title-order: 1;\" class=\"e-active elementor-element elementor-element-39a2ea1 e-con-full e-flex e-con e-child\" data-id=\"39a2ea1\" data-element_type=\"container\">\n\t\t<div class=\"elementor-element elementor-element-13858b8 e-con-full e-flex e-con e-child\" data-id=\"13858b8\" data-element_type=\"container\">\n\t\t\t\t<div class=\"elementor-element elementor-element-e62ce22 elementor-widget elementor-widget-text-editor\" data-id=\"e62ce22\" data-element_type=\"widget\" data-widget_type=\"text-editor.default\">\n\t\t\t\t<div class=\"elementor-widget-container\">\n\t\t\t\t\t\t\t\t\t<p><b>Zuverl\u00e4ssige Leistung im t\u00e4glichen Einsatz unter Zeitdruck<\/b><\/p>\t\t\t\t\t\t\t\t<\/div>\n\t\t\t\t<\/div>\n\t\t\t\t<\/div>\n\t\t<div class=\"elementor-element elementor-element-e378681 e-con-full e-flex e-con e-child\" data-id=\"e378681\" data-element_type=\"container\">\n\t\t\t\t<div class=\"elementor-element elementor-element-cbe19bf elementor-widget elementor-widget-image\" data-id=\"cbe19bf\" data-element_type=\"widget\" data-widget_type=\"image.default\">\n\t\t\t\t<div class=\"elementor-widget-container\">\n\t\t\t\t\t\t\t\t\t\t\t\t\t\t\t<img fetchpriority=\"high\" decoding=\"async\" width=\"300\" height=\"169\" src=\"https:\/\/novawinch-deutschland.de\/wp-content\/uploads\/2026\/04\/en-standard-300x169.jpg\" class=\"attachment-medium size-medium wp-image-488\" alt=\"\" srcset=\"https:\/\/novawinch-deutschland.de\/wp-content\/uploads\/2026\/04\/en-standard-300x169.jpg 300w, https:\/\/novawinch-deutschland.de\/wp-content\/uploads\/2026\/04\/en-standard.jpg 640w\" sizes=\"(max-width: 300px) 100vw, 300px\" \/>\t\t\t\t\t\t\t\t\t\t\t\t\t\t\t<\/div>\n\t\t\t\t<\/div>\n\t\t\t\t<\/div>\n\t\t\t\t<\/div>\n\t\t<div id=\"e-n-tab-content-1195302782\" role=\"tabpanel\" aria-labelledby=\"e-n-tab-title-1195302782\" data-tab-index=\"2\" style=\"--n-tabs-title-order: 2;\" class=\" elementor-element elementor-element-21bb608 e-con-full e-flex e-con e-child\" data-id=\"21bb608\" data-element_type=\"container\">\n\t\t<div class=\"elementor-element elementor-element-2b0f8b4 e-con-full e-flex e-con e-child\" data-id=\"2b0f8b4\" data-element_type=\"container\">\n\t\t\t\t<div class=\"elementor-element elementor-element-9d7423c elementor-widget elementor-widget-text-editor\" data-id=\"9d7423c\" data-element_type=\"widget\" data-widget_type=\"text-editor.default\">\n\t\t\t\t<div class=\"elementor-widget-container\">\n\t\t\t\t\t\t\t\t\t<p>Robuste Technik f\u00fcr anspruchsvolle Baustellen<\/p>\t\t\t\t\t\t\t\t<\/div>\n\t\t\t\t<\/div>\n\t\t\t\t<\/div>\n\t\t<div class=\"elementor-element elementor-element-aa4f949 e-con-full e-flex e-con e-child\" data-id=\"aa4f949\" data-element_type=\"container\">\n\t\t\t\t<div class=\"elementor-element elementor-element-569a836 elementor-widget elementor-widget-image\" data-id=\"569a836\" data-element_type=\"widget\" data-widget_type=\"image.default\">\n\t\t\t\t<div class=\"elementor-widget-container\">\n\t\t\t\t\t\t\t\t\t\t\t\t\t\t\t<img decoding=\"async\" width=\"300\" height=\"225\" src=\"https:\/\/novawinch-deutschland.de\/wp-content\/uploads\/2025\/08\/306c8378f98ea96fd8606955bf1a898d4fd2905c-min-scaled-e1755139305567-300x225.jpg\" class=\"attachment-medium size-medium wp-image-41\" alt=\"\" srcset=\"https:\/\/novawinch-deutschland.de\/wp-content\/uploads\/2025\/08\/306c8378f98ea96fd8606955bf1a898d4fd2905c-min-scaled-e1755139305567-300x225.jpg 300w, https:\/\/novawinch-deutschland.de\/wp-content\/uploads\/2025\/08\/306c8378f98ea96fd8606955bf1a898d4fd2905c-min-scaled-e1755139305567-1024x768.jpg 1024w, https:\/\/novawinch-deutschland.de\/wp-content\/uploads\/2025\/08\/306c8378f98ea96fd8606955bf1a898d4fd2905c-min-scaled-e1755139305567-768x576.jpg 768w, https:\/\/novawinch-deutschland.de\/wp-content\/uploads\/2025\/08\/306c8378f98ea96fd8606955bf1a898d4fd2905c-min-scaled-e1755139305567-1536x1152.jpg 1536w, https:\/\/novawinch-deutschland.de\/wp-content\/uploads\/2025\/08\/306c8378f98ea96fd8606955bf1a898d4fd2905c-min-scaled-e1755139305567-2048x1536.jpg 2048w\" sizes=\"(max-width: 300px) 100vw, 300px\" \/>\t\t\t\t\t\t\t\t\t\t\t\t\t\t\t<\/div>\n\t\t\t\t<\/div>\n\t\t\t\t<\/div>\n\t\t\t\t<\/div>\n\t\t<div id=\"e-n-tab-content-1195302783\" role=\"tabpanel\" aria-labelledby=\"e-n-tab-title-1195302783\" data-tab-index=\"3\" style=\"--n-tabs-title-order: 3;\" class=\" elementor-element elementor-element-dd6da4d e-con-full e-flex e-con e-child\" data-id=\"dd6da4d\" data-element_type=\"container\">\n\t\t<div class=\"elementor-element elementor-element-7c2a52d e-con-full e-flex e-con e-child\" data-id=\"7c2a52d\" data-element_type=\"container\">\n\t\t\t\t<div class=\"elementor-element elementor-element-7795d36 elementor-widget elementor-widget-text-editor\" data-id=\"7795d36\" data-element_type=\"widget\" data-widget_type=\"text-editor.default\">\n\t\t\t\t<div class=\"elementor-widget-container\">\n\t\t\t\t\t\t\t\t\t<p>Integration in professionelle Fahrzeugl\u00f6sungen<\/p>\t\t\t\t\t\t\t\t<\/div>\n\t\t\t\t<\/div>\n\t\t\t\t<\/div>\n\t\t<div class=\"elementor-element elementor-element-673152f e-con-full e-flex e-con e-child\" data-id=\"673152f\" data-element_type=\"container\">\n\t\t\t\t<div class=\"elementor-element elementor-element-7607360 elementor-widget elementor-widget-image\" data-id=\"7607360\" data-element_type=\"widget\" data-widget_type=\"image.default\">\n\t\t\t\t<div class=\"elementor-widget-container\">\n\t\t\t\t\t\t\t\t\t\t\t\t\t\t\t<img decoding=\"async\" width=\"300\" height=\"169\" src=\"https:\/\/novawinch-deutschland.de\/wp-content\/uploads\/2026\/04\/powersports-300x169.jpg\" class=\"attachment-medium size-medium wp-image-490\" alt=\"\" srcset=\"https:\/\/novawinch-deutschland.de\/wp-content\/uploads\/2026\/04\/powersports-300x169.jpg 300w, https:\/\/novawinch-deutschland.de\/wp-content\/uploads\/2026\/04\/powersports.jpg 640w\" sizes=\"(max-width: 300px) 100vw, 300px\" \/>\t\t\t\t\t\t\t\t\t\t\t\t\t\t\t<\/div>\n\t\t\t\t<\/div>\n\t\t\t\t<\/div>\n\t\t\t\t<\/div>\n\t\t<div id=\"e-n-tab-content-1195302784\" role=\"tabpanel\" aria-labelledby=\"e-n-tab-title-1195302784\" data-tab-index=\"4\" style=\"--n-tabs-title-order: 4;\" class=\" elementor-element elementor-element-0f75e66 e-con-full e-flex e-con e-child\" data-id=\"0f75e66\" data-element_type=\"container\">\n\t\t<div class=\"elementor-element elementor-element-6bb3af7 e-con-full e-flex e-con e-child\" data-id=\"6bb3af7\" data-element_type=\"container\">\n\t\t\t\t<div class=\"elementor-element elementor-element-e1339cf elementor-widget elementor-widget-text-editor\" data-id=\"e1339cf\" data-element_type=\"widget\" data-widget_type=\"text-editor.default\">\n\t\t\t\t<div class=\"elementor-widget-container\">\n\t\t\t\t\t\t\t\t\t<p>Kraftvolle Unterst\u00fctzung in schwierigen Gel\u00e4ndesituationen<\/p>\t\t\t\t\t\t\t\t<\/div>\n\t\t\t\t<\/div>\n\t\t\t\t<\/div>\n\t\t<div class=\"elementor-element elementor-element-9fce92d e-con-full e-flex e-con e-child\" data-id=\"9fce92d\" data-element_type=\"container\">\n\t\t\t\t<div class=\"elementor-element elementor-element-f97bd4f elementor-widget elementor-widget-image\" data-id=\"f97bd4f\" data-element_type=\"widget\" data-widget_type=\"image.default\">\n\t\t\t\t<div class=\"elementor-widget-container\">\n\t\t\t\t\t\t\t\t\t\t\t\t\t\t\t<img loading=\"lazy\" decoding=\"async\" width=\"300\" height=\"225\" src=\"https:\/\/novawinch-deutschland.de\/wp-content\/uploads\/2026\/04\/Pro-on-Jeep-full-shot-300x225.jpg\" class=\"attachment-medium size-medium wp-image-492\" alt=\"\" srcset=\"https:\/\/novawinch-deutschland.de\/wp-content\/uploads\/2026\/04\/Pro-on-Jeep-full-shot-300x225.jpg 300w, https:\/\/novawinch-deutschland.de\/wp-content\/uploads\/2026\/04\/Pro-on-Jeep-full-shot-1024x768.jpg 1024w, https:\/\/novawinch-deutschland.de\/wp-content\/uploads\/2026\/04\/Pro-on-Jeep-full-shot-768x576.jpg 768w, https:\/\/novawinch-deutschland.de\/wp-content\/uploads\/2026\/04\/Pro-on-Jeep-full-shot-1536x1152.jpg 1536w, https:\/\/novawinch-deutschland.de\/wp-content\/uploads\/2026\/04\/Pro-on-Jeep-full-shot-2048x1536.jpg 2048w\" sizes=\"(max-width: 300px) 100vw, 300px\" \/>\t\t\t\t\t\t\t\t\t\t\t\t\t\t\t<\/div>\n\t\t\t\t<\/div>\n\t\t\t\t<\/div>\n\t\t\t\t<\/div>\n\t\t\t\t\t<\/div>\n\t\t<\/div>\n\t\t\t\t\t\t<\/div>\n\t\t\t\t<\/div>\n\t\t\t\t<div class=\"elementor-element elementor-element-9b7b328 elementor-widget elementor-widget-text-editor\" data-id=\"9b7b328\" data-element_type=\"widget\" data-widget_type=\"text-editor.default\">\n\t\t\t\t<div class=\"elementor-widget-container\">\n\t\t\t\t\t\t\t\t\t<p>Wiegel &#8211; Ihr Partner in Deutschland<br>Als offizieller Novawinch Vertrieb- und Servicepartner \u00fcbernimmt Wiegel die komplette Betreuung im deutschsprachigen Markt. Wir unterst\u00fctzen Sie bei:&nbsp;<\/p>\t\t\t\t\t\t\t\t<\/div>\n\t\t\t\t<\/div>\n\t\t\t\t<div class=\"elementor-element elementor-element-53ceb77 elementor-icon-list--layout-traditional elementor-list-item-link-full_width elementor-widget elementor-widget-icon-list\" data-id=\"53ceb77\" data-element_type=\"widget\" data-settings=\"{&quot;motion_fx_motion_fx_scrolling&quot;:&quot;yes&quot;,&quot;motion_fx_devices&quot;:[&quot;desktop&quot;,&quot;tablet&quot;,&quot;mobile&quot;]}\" data-widget_type=\"icon-list.default\">\n\t\t\t\t<div class=\"elementor-widget-container\">\n\t\t\t\t\t\t\t<ul class=\"elementor-icon-list-items\">\n\t\t\t\t\t\t\t<li class=\"elementor-icon-list-item\">\n\t\t\t\t\t\t\t\t\t\t\t<span class=\"elementor-icon-list-icon\">\n\t\t\t\t\t\t\t<i aria-hidden=\"true\" class=\"far fa-star\"><\/i>\t\t\t\t\t\t<\/span>\n\t\t\t\t\t\t\t\t\t\t<span class=\"elementor-icon-list-text\">Auswahl der passenden Seilwinde f\u00fcr Ihre Anwendung<\/span>\n\t\t\t\t\t\t\t\t\t<\/li>\n\t\t\t\t\t\t\t\t<li class=\"elementor-icon-list-item\">\n\t\t\t\t\t\t\t\t\t\t\t<span class=\"elementor-icon-list-icon\">\n\t\t\t\t\t\t\t<i aria-hidden=\"true\" class=\"far fa-star\"><\/i>\t\t\t\t\t\t<\/span>\n\t\t\t\t\t\t\t\t\t\t<span class=\"elementor-icon-list-text\">Technischer Auslegung f\u00fcr Fahrzeug oder Projekt<\/span>\n\t\t\t\t\t\t\t\t\t<\/li>\n\t\t\t\t\t\t\t\t<li class=\"elementor-icon-list-item\">\n\t\t\t\t\t\t\t\t\t\t\t<span class=\"elementor-icon-list-icon\">\n\t\t\t\t\t\t\t<i aria-hidden=\"true\" class=\"far fa-star\"><\/i>\t\t\t\t\t\t<\/span>\n\t\t\t\t\t\t\t\t\t\t<span class=\"elementor-icon-list-text\">Einbau- und Anwendungsempfehlungen<\/span>\n\t\t\t\t\t\t\t\t\t<\/li>\n\t\t\t\t\t\t\t\t<li class=\"elementor-icon-list-item\">\n\t\t\t\t\t\t\t\t\t\t\t<span class=\"elementor-icon-list-icon\">\n\t\t\t\t\t\t\t<i aria-hidden=\"true\" class=\"far fa-star\"><\/i>\t\t\t\t\t\t<\/span>\n\t\t\t\t\t\t\t\t\t\t<span class=\"elementor-icon-list-text\">Ersatzteilversorgung und Service in Deutschland<\/span>\n\t\t\t\t\t\t\t\t\t<\/li>\n\t\t\t\t\t\t\t\t<li class=\"elementor-icon-list-item\">\n\t\t\t\t\t\t\t\t\t\t\t<span class=\"elementor-icon-list-icon\">\n\t\t\t\t\t\t\t<i aria-hidden=\"true\" class=\"far fa-star\"><\/i>\t\t\t\t\t\t<\/span>\n\t\t\t\t\t\t\t\t\t\t<span class=\"elementor-icon-list-text\">Schneller technischer Unterst\u00fctzung im Einsatzfall<\/span>\n\t\t\t\t\t\t\t\t\t<\/li>\n\t\t\t\t\t\t<\/ul>\n\t\t\t\t\t\t<\/div>\n\t\t\t\t<\/div>\n\t\t\t\t<div class=\"elementor-element elementor-element-4862558 elementor-widget elementor-widget-text-editor\" data-id=\"4862558\" data-element_type=\"widget\" data-widget_type=\"text-editor.default\">\n\t\t\t\t<div class=\"elementor-widget-container\">\n\t\t\t\t\t\t\t\t\t<p>Unser Anspruch ist es, dass Ihre L\u00f6sungen im Alltag zuverl\u00e4ssig funktioniert, ohne unn\u00f6tige Stillst\u00e4nde. Novawinch steht f\u00fcr industrielle Seilwindentechnik mit klarem Fokus auf Praxistauglichkeit. In Kombination mit der technischen Beratung und dem Service von Wiegel entsteht eine L\u00f6sung, die sowohl technisch \u00fcberzeugt als auch wirtschaftlich sinnvoll bleibt.\u00a0<\/p><p>So erhalten Anwender nicht nur ein Produkt, sondern eine abgestimmte Gesamtl\u00f6sung f\u00fcr den t\u00e4glichen Einsatz. Ob Einzelanwendungen oder Serienausstattung von Fahrzeugflotten &#8211; wir unterst\u00fctzen Sie bei der passendenden Konfiguration Ihrer Seilwindenl\u00f6sung.<\/p>\t\t\t\t\t\t\t\t<\/div>\n\t\t\t\t<\/div>\n\t\t\t\t<div class=\"elementor-element elementor-element-8b62af2 elementor-align-center elementor-widget elementor-widget-button\" data-id=\"8b62af2\" data-element_type=\"widget\" data-widget_type=\"button.default\">\n\t\t\t\t<div class=\"elementor-widget-container\">\n\t\t\t\t\t\t\t\t\t<div class=\"elementor-button-wrapper\">\n\t\t\t\t\t<a class=\"elementor-button elementor-button-link elementor-size-sm\" href=\"https:\/\/novawinch-deutschland.de\/?page_id=104\">\n\t\t\t\t\t\t<span class=\"elementor-button-content-wrapper\">\n\t\t\t\t\t\t\t\t\t<span class=\"elementor-button-text\">Jetzt beraten lassen<\/span>\n\t\t\t\t\t<\/span>\n\t\t\t\t\t<\/a>\n\t\t\t\t<\/div>\n\t\t\t\t\t\t\t\t<\/div>\n\t\t\t\t<\/div>\n\t\t\t\t\t<\/div>\n\t\t\t\t<\/div>\n\t\t\t\t<\/div>\n\t\t","protected":false},"excerpt":{"rendered":"<p>\u00dcber Novawinch Novawinch entwickelt robuste Seilwindsysteme f\u00fcr den professionellen Einsatz in Abschlepp-, Bau und Nutzfahrzeuganwendungen. Die Produkte stehen f\u00fcr industrielle Qualit\u00e4t, zuverl\u00e4ssige Leistung und ein wirtschaftliches Preis-Leistungs-Verh\u00e4ltnis. In Deutschland werden Novawinch-Systeme \u00fcber Wiegel als offizieller Vertrieb- und Servicepartner betreut. Damit verbinden wir hochwertige Technik mit lokaler Fachberatung, schneller Verf\u00fcgbarkeit und verl\u00e4sslichem Service.&nbsp; Jahre Erfahrung 0 [&hellip;]<\/p>\n","protected":false},"author":1,"featured_media":0,"parent":0,"menu_order":0,"comment_status":"closed","ping_status":"closed","template":"","meta":{"footnotes":""},"class_list":["post-437","page","type-page","status-publish","hentry"],"_links":{"self":[{"href":"https:\/\/novawinch-deutschland.de\/index.php?rest_route=\/wp\/v2\/pages\/437","targetHints":{"allow":["GET"]}}],"collection":[{"href":"https:\/\/novawinch-deutschland.de\/index.php?rest_route=\/wp\/v2\/pages"}],"about":[{"href":"https:\/\/novawinch-deutschland.de\/index.php?rest_route=\/wp\/v2\/types\/page"}],"author":[{"embeddable":true,"href":"https:\/\/novawinch-deutschland.de\/index.php?rest_route=\/wp\/v2\/users\/1"}],"replies":[{"embeddable":true,"href":"https:\/\/novawinch-deutschland.de\/index.php?rest_route=%2Fwp%2Fv2%2Fcomments&post=437"}],"version-history":[{"count":154,"href":"https:\/\/novawinch-deutschland.de\/index.php?rest_route=\/wp\/v2\/pages\/437\/revisions"}],"predecessor-version":[{"id":623,"href":"https:\/\/novawinch-deutschland.de\/index.php?rest_route=\/wp\/v2\/pages\/437\/revisions\/623"}],"wp:attachment":[{"href":"https:\/\/novawinch-deutschland.de\/index.php?rest_route=%2Fwp%2Fv2%2Fmedia&parent=437"}],"curies":[{"name":"wp","href":"https:\/\/api.w.org\/{rel}","templated":true}]}}