{"id":738,"date":"2026-04-29T11:13:35","date_gmt":"2026-04-29T11:13:35","guid":{"rendered":"https:\/\/novawinch-deutschland.de\/?page_id=738"},"modified":"2026-04-30T14:29:59","modified_gmt":"2026-04-30T14:29:59","slug":"home","status":"publish","type":"page","link":"https:\/\/novawinch-deutschland.de\/","title":{"rendered":"Home"},"content":{"rendered":"\t\t<div data-elementor-type=\"wp-page\" data-elementor-id=\"738\" class=\"elementor elementor-738\">\n\t\t\t\t\t\t<section class=\"elementor-section elementor-top-section elementor-element elementor-element-8cf6fce elementor-section-full_width elementor-section-height-min-height elementor-section-items-bottom elementor-section-height-default\" data-id=\"8cf6fce\" data-element_type=\"section\" data-settings=\"{&quot;background_background&quot;:&quot;classic&quot;}\">\n\t\t\t\t\t\t\t<div class=\"elementor-background-overlay\"><\/div>\n\t\t\t\t\t\t\t<div class=\"elementor-container elementor-column-gap-default\">\n\t\t\t\t\t<div class=\"elementor-column elementor-col-100 elementor-top-column elementor-element elementor-element-9671195\" data-id=\"9671195\" data-element_type=\"column\">\n\t\t\t<div class=\"elementor-widget-wrap elementor-element-populated\">\n\t\t\t\t\t\t<section class=\"elementor-section elementor-inner-section elementor-element elementor-element-8c6d5ec elementor-section-content-bottom elementor-section-boxed elementor-section-height-default elementor-section-height-default\" data-id=\"8c6d5ec\" data-element_type=\"section\">\n\t\t\t\t\t\t<div class=\"elementor-container elementor-column-gap-default\">\n\t\t\t\t\t<div class=\"elementor-column elementor-col-66 elementor-inner-column elementor-element elementor-element-3eec75d\" data-id=\"3eec75d\" data-element_type=\"column\">\n\t\t\t<div class=\"elementor-widget-wrap elementor-element-populated\">\n\t\t\t\t\t\t<div class=\"elementor-element elementor-element-a55b727 elementor-widget elementor-widget-heading\" data-id=\"a55b727\" data-element_type=\"widget\" data-widget_type=\"heading.default\">\n\t\t\t\t<div class=\"elementor-widget-container\">\n\t\t\t\t\t<h2 class=\"elementor-heading-title elementor-size-default\">ZUG- UND HUBWINDEN<\/h2>\t\t\t\t<\/div>\n\t\t\t\t<\/div>\n\t\t\t\t<div class=\"elementor-element elementor-element-eb00a97 elementor-widget elementor-widget-heading\" data-id=\"eb00a97\" data-element_type=\"widget\" data-widget_type=\"heading.default\">\n\t\t\t\t<div class=\"elementor-widget-container\">\n\t\t\t\t\t<h2 class=\"elementor-heading-title elementor-size-default\">F\u00dcR NUTZFAHRZEUGE, \u2028INDUSTRIE, OFFROAD<\/h2>\t\t\t\t<\/div>\n\t\t\t\t<\/div>\n\t\t\t\t\t<\/div>\n\t\t<\/div>\n\t\t\t\t<div class=\"elementor-column elementor-col-33 elementor-inner-column elementor-element elementor-element-048aeec\" data-id=\"048aeec\" data-element_type=\"column\">\n\t\t\t<div class=\"elementor-widget-wrap\">\n\t\t\t\t\t\t\t<\/div>\n\t\t<\/div>\n\t\t\t\t\t<\/div>\n\t\t<\/section>\n\t\t\t\t\t<\/div>\n\t\t<\/div>\n\t\t\t\t\t<\/div>\n\t\t<\/section>\n\t\t<div class=\"elementor-element elementor-element-c5f885d e-flex e-con-boxed e-con e-parent\" data-id=\"c5f885d\" data-element_type=\"container\">\n\t\t\t\t\t<div class=\"e-con-inner\">\n\t\t\t\t<div class=\"elementor-element elementor-element-f51348c elementor-widget elementor-widget-heading\" data-id=\"f51348c\" data-element_type=\"widget\" data-widget_type=\"heading.default\">\n\t\t\t\t<div class=\"elementor-widget-container\">\n\t\t\t\t\t<h2 class=\"elementor-heading-title elementor-size-default\">\u00dcber Novawinch<\/h2>\t\t\t\t<\/div>\n\t\t\t\t<\/div>\n\t\t\t\t<div class=\"elementor-element elementor-element-d2a89a0 elementor-widget elementor-widget-text-editor\" data-id=\"d2a89a0\" data-element_type=\"widget\" data-widget_type=\"text-editor.default\">\n\t\t\t\t<div class=\"elementor-widget-container\">\n\t\t\t\t\t\t\t\t\t<p>Novawinch definiert seit 1997 Seilwinden f\u00fcr Abschlepp-, Bau und Nutzfahrzeuganwendungen v\u00f6llig neu.<\/p><p>Das Unternehmen stellt nicht einfach Produkte her, sondern verwandelt Rohmaterialien in eine enorme Kraft, auf die Sie vertrauen k\u00f6nnen. Qualit\u00e4t, Zuverl\u00e4ssigkeit und Kundenorientierung bestimmen alles, was Novawinch anpackt, w\u00e4hrend Standards wie CE, ISO 9001, RoHS und SAE belegen, dass die Produkte dieses Qualit\u00e4ts-Versprechen halten. Novawinch steht f\u00fcr Seilwinden, die industrielle Qualit\u00e4t mit einem wirtschaftlichen Preis-Leistungs-Verh\u00e4ltnis.<\/p>\t\t\t\t\t\t\t\t<\/div>\n\t\t\t\t<\/div>\n\t\t\t\t\t<\/div>\n\t\t\t\t<\/div>\n\t\t\t\t<section class=\"elementor-section elementor-top-section elementor-element elementor-element-ec6eeb6 elementor-section-boxed elementor-section-height-default elementor-section-height-default\" data-id=\"ec6eeb6\" data-element_type=\"section\">\n\t\t\t\t\t\t<div class=\"elementor-container elementor-column-gap-default\">\n\t\t\t\t\t<div class=\"elementor-column elementor-col-100 elementor-top-column elementor-element elementor-element-cb37a6a\" data-id=\"cb37a6a\" data-element_type=\"column\" data-settings=\"{&quot;background_background&quot;:&quot;classic&quot;}\">\n\t\t\t<div class=\"elementor-widget-wrap elementor-element-populated\">\n\t\t\t\t\t\t<section class=\"elementor-section elementor-inner-section elementor-element elementor-element-ffc1c81 elementor-section-boxed elementor-section-height-default elementor-section-height-default\" data-id=\"ffc1c81\" data-element_type=\"section\" data-settings=\"{&quot;background_background&quot;:&quot;classic&quot;}\">\n\t\t\t\t\t\t<div class=\"elementor-container elementor-column-gap-default\">\n\t\t\t\t\t<div class=\"elementor-column elementor-col-50 elementor-inner-column elementor-element elementor-element-8feb960\" data-id=\"8feb960\" data-element_type=\"column\">\n\t\t\t<div class=\"elementor-widget-wrap elementor-element-populated\">\n\t\t\t\t\t\t<div class=\"elementor-element elementor-element-ea15635 elementor-widget__width-initial elementor-widget elementor-widget-image\" data-id=\"ea15635\" data-element_type=\"widget\" data-widget_type=\"image.default\">\n\t\t\t\t<div class=\"elementor-widget-container\">\n\t\t\t\t\t\t\t\t\t\t\t\t\t\t\t<img fetchpriority=\"high\" decoding=\"async\" width=\"800\" height=\"600\" src=\"https:\/\/novawinch-deutschland.de\/wp-content\/uploads\/2025\/08\/306c8378f98ea96fd8606955bf1a898d4fd2905c-min-scaled-e1755139305567-1024x768.jpg\" class=\"attachment-large size-large wp-image-41\" alt=\"\" srcset=\"https:\/\/novawinch-deutschland.de\/wp-content\/uploads\/2025\/08\/306c8378f98ea96fd8606955bf1a898d4fd2905c-min-scaled-e1755139305567-1024x768.jpg 1024w, https:\/\/novawinch-deutschland.de\/wp-content\/uploads\/2025\/08\/306c8378f98ea96fd8606955bf1a898d4fd2905c-min-scaled-e1755139305567-300x225.jpg 300w, https:\/\/novawinch-deutschland.de\/wp-content\/uploads\/2025\/08\/306c8378f98ea96fd8606955bf1a898d4fd2905c-min-scaled-e1755139305567-768x576.jpg 768w, https:\/\/novawinch-deutschland.de\/wp-content\/uploads\/2025\/08\/306c8378f98ea96fd8606955bf1a898d4fd2905c-min-scaled-e1755139305567-1536x1152.jpg 1536w, https:\/\/novawinch-deutschland.de\/wp-content\/uploads\/2025\/08\/306c8378f98ea96fd8606955bf1a898d4fd2905c-min-scaled-e1755139305567-2048x1536.jpg 2048w\" sizes=\"(max-width: 800px) 100vw, 800px\" \/>\t\t\t\t\t\t\t\t\t\t\t\t\t\t\t<\/div>\n\t\t\t\t<\/div>\n\t\t\t\t\t<\/div>\n\t\t<\/div>\n\t\t\t\t<div class=\"elementor-column elementor-col-50 elementor-inner-column elementor-element elementor-element-089eb31\" data-id=\"089eb31\" data-element_type=\"column\">\n\t\t\t<div class=\"elementor-widget-wrap elementor-element-populated\">\n\t\t\t\t\t\t<section class=\"elementor-section elementor-inner-section elementor-element elementor-element-1317cb0 elementor-section-boxed elementor-section-height-default elementor-section-height-default\" data-id=\"1317cb0\" data-element_type=\"section\">\n\t\t\t\t\t\t<div class=\"elementor-container elementor-column-gap-default\">\n\t\t\t\t\t<div class=\"elementor-column elementor-col-100 elementor-inner-column elementor-element elementor-element-9657d19\" data-id=\"9657d19\" data-element_type=\"column\">\n\t\t\t<div class=\"elementor-widget-wrap elementor-element-populated\">\n\t\t\t\t\t\t<div class=\"elementor-element elementor-element-002daf9 elementor-widget elementor-widget-heading\" data-id=\"002daf9\" data-element_type=\"widget\" data-widget_type=\"heading.default\">\n\t\t\t\t<div class=\"elementor-widget-container\">\n\t\t\t\t\t<h2 class=\"elementor-heading-title elementor-size-default\">Novawinch Elektrische Seilwinden<\/h2>\t\t\t\t<\/div>\n\t\t\t\t<\/div>\n\t\t\t\t<div class=\"elementor-element elementor-element-201bbb0 elementor-widget elementor-widget-text-editor\" data-id=\"201bbb0\" data-element_type=\"widget\" data-widget_type=\"text-editor.default\">\n\t\t\t\t<div class=\"elementor-widget-container\">\n\t\t\t\t\t\t\t\t\t<p>Novawinch elektrische Seilwinden \u00fcberzeugen durch starke Leistung, hohe Sicherheit und zuverl\u00e4ssige Technik \u2013 ideal f\u00fcr Offroad-Fahrzeuge, Anh\u00e4nger, Werkst\u00e4tten, Landwirtschaft und Industrie. Mit modernem Elektromotor und pr\u00e4ziser Steuerung bieten sie eine konstante Zugkraft bei gleichzeitig einfacher Handhabung.<\/p>\t\t\t\t\t\t\t\t<\/div>\n\t\t\t\t<\/div>\n\t\t\t\t\t<\/div>\n\t\t<\/div>\n\t\t\t\t\t<\/div>\n\t\t<\/section>\n\t\t\t\t<div class=\"elementor-element elementor-element-dc080d0 elementor-align-right elementor-widget elementor-widget-button\" data-id=\"dc080d0\" data-element_type=\"widget\" data-widget_type=\"button.default\">\n\t\t\t\t<div class=\"elementor-widget-container\">\n\t\t\t\t\t\t\t\t\t<div class=\"elementor-button-wrapper\">\n\t\t\t\t\t<a class=\"elementor-button elementor-button-link elementor-size-sm\" href=\"https:\/\/novawinch-deutschland.de\/?page_id=142\">\n\t\t\t\t\t\t<span class=\"elementor-button-content-wrapper\">\n\t\t\t\t\t\t\t\t\t<span class=\"elementor-button-text\">Mehr erfahren<\/span>\n\t\t\t\t\t<\/span>\n\t\t\t\t\t<\/a>\n\t\t\t\t<\/div>\n\t\t\t\t\t\t\t\t<\/div>\n\t\t\t\t<\/div>\n\t\t\t\t\t<\/div>\n\t\t<\/div>\n\t\t\t\t\t<\/div>\n\t\t<\/section>\n\t\t\t\t<div class=\"elementor-element elementor-element-534fc84 elementor-widget elementor-widget-spacer\" data-id=\"534fc84\" data-element_type=\"widget\" data-widget_type=\"spacer.default\">\n\t\t\t\t<div class=\"elementor-widget-container\">\n\t\t\t\t\t\t\t<div class=\"elementor-spacer\">\n\t\t\t<div class=\"elementor-spacer-inner\"><\/div>\n\t\t<\/div>\n\t\t\t\t\t\t<\/div>\n\t\t\t\t<\/div>\n\t\t\t\t<section class=\"elementor-section elementor-inner-section elementor-element elementor-element-2cd7948 elementor-section-boxed elementor-section-height-default elementor-section-height-default\" data-id=\"2cd7948\" data-element_type=\"section\" data-settings=\"{&quot;background_background&quot;:&quot;classic&quot;}\">\n\t\t\t\t\t\t<div class=\"elementor-container elementor-column-gap-default\">\n\t\t\t\t\t<div class=\"elementor-column elementor-col-50 elementor-inner-column elementor-element elementor-element-ccbd5ae\" data-id=\"ccbd5ae\" data-element_type=\"column\">\n\t\t\t<div class=\"elementor-widget-wrap elementor-element-populated\">\n\t\t\t\t\t\t<section class=\"elementor-section elementor-inner-section elementor-element elementor-element-38c3b29 elementor-section-boxed elementor-section-height-default elementor-section-height-default\" data-id=\"38c3b29\" data-element_type=\"section\">\n\t\t\t\t\t\t<div class=\"elementor-container elementor-column-gap-default\">\n\t\t\t\t\t<div class=\"elementor-column elementor-col-100 elementor-inner-column elementor-element elementor-element-e2c984c\" data-id=\"e2c984c\" data-element_type=\"column\">\n\t\t\t<div class=\"elementor-widget-wrap elementor-element-populated\">\n\t\t\t\t\t\t<div class=\"elementor-element elementor-element-f9c135e elementor-widget elementor-widget-heading\" data-id=\"f9c135e\" data-element_type=\"widget\" data-widget_type=\"heading.default\">\n\t\t\t\t<div class=\"elementor-widget-container\">\n\t\t\t\t\t<h2 class=\"elementor-heading-title elementor-size-default\">Novawinch Hydraulische Seilwinden <\/h2>\t\t\t\t<\/div>\n\t\t\t\t<\/div>\n\t\t\t\t<div class=\"elementor-element elementor-element-b014be3 elementor-widget elementor-widget-text-editor\" data-id=\"b014be3\" data-element_type=\"widget\" data-widget_type=\"text-editor.default\">\n\t\t\t\t<div class=\"elementor-widget-container\">\n\t\t\t\t\t\t\t\t\t<p>Novawinch hydraulische Seilwinden stehen f\u00fcr Qualit\u00e4t, Leistung und Sicherheit. Sie sind die ideale L\u00f6sung f\u00fcr anspruchsvolle Anwendungen in Industrie, Forstwirtschaft, Bergbau, Bauwesen und Offroad-Bereich. Dank modernster Hydrauliktechnologie bieten die Winden eine konstante Zugkraft und h\u00f6chste Effizienz \u2013 auch unter extremen Bedingungen.<\/p>\t\t\t\t\t\t\t\t<\/div>\n\t\t\t\t<\/div>\n\t\t\t\t\t<\/div>\n\t\t<\/div>\n\t\t\t\t\t<\/div>\n\t\t<\/section>\n\t\t\t\t<div class=\"elementor-element elementor-element-a1e8038 elementor-align-left elementor-widget elementor-widget-button\" data-id=\"a1e8038\" data-element_type=\"widget\" data-widget_type=\"button.default\">\n\t\t\t\t<div class=\"elementor-widget-container\">\n\t\t\t\t\t\t\t\t\t<div class=\"elementor-button-wrapper\">\n\t\t\t\t\t<a class=\"elementor-button elementor-button-link elementor-size-sm\" href=\"https:\/\/novawinch-deutschland.de\/?page_id=652\">\n\t\t\t\t\t\t<span class=\"elementor-button-content-wrapper\">\n\t\t\t\t\t\t\t\t\t<span class=\"elementor-button-text\">Mehr erfahren<\/span>\n\t\t\t\t\t<\/span>\n\t\t\t\t\t<\/a>\n\t\t\t\t<\/div>\n\t\t\t\t\t\t\t\t<\/div>\n\t\t\t\t<\/div>\n\t\t\t\t\t<\/div>\n\t\t<\/div>\n\t\t\t\t<div class=\"elementor-column elementor-col-50 elementor-inner-column elementor-element elementor-element-fa79464\" data-id=\"fa79464\" data-element_type=\"column\">\n\t\t\t<div class=\"elementor-widget-wrap elementor-element-populated\">\n\t\t\t\t\t\t<div class=\"elementor-element elementor-element-8ea773f elementor-widget elementor-widget-image\" data-id=\"8ea773f\" data-element_type=\"widget\" data-widget_type=\"image.default\">\n\t\t\t\t<div class=\"elementor-widget-container\">\n\t\t\t\t\t\t\t\t\t\t\t\t\t\t\t<img decoding=\"async\" width=\"800\" height=\"598\" src=\"https:\/\/novawinch-deutschland.de\/wp-content\/uploads\/2025\/08\/d01bcd2b2325949fd8616baa44f8816cbc0920f7-min-scaled-e1755139353197-1024x766.png\" class=\"attachment-large size-large wp-image-52\" alt=\"\" srcset=\"https:\/\/novawinch-deutschland.de\/wp-content\/uploads\/2025\/08\/d01bcd2b2325949fd8616baa44f8816cbc0920f7-min-scaled-e1755139353197-1024x766.png 1024w, https:\/\/novawinch-deutschland.de\/wp-content\/uploads\/2025\/08\/d01bcd2b2325949fd8616baa44f8816cbc0920f7-min-scaled-e1755139353197-300x224.png 300w, https:\/\/novawinch-deutschland.de\/wp-content\/uploads\/2025\/08\/d01bcd2b2325949fd8616baa44f8816cbc0920f7-min-scaled-e1755139353197-768x574.png 768w, https:\/\/novawinch-deutschland.de\/wp-content\/uploads\/2025\/08\/d01bcd2b2325949fd8616baa44f8816cbc0920f7-min-scaled-e1755139353197-1536x1149.png 1536w, https:\/\/novawinch-deutschland.de\/wp-content\/uploads\/2025\/08\/d01bcd2b2325949fd8616baa44f8816cbc0920f7-min-scaled-e1755139353197.png 1840w\" sizes=\"(max-width: 800px) 100vw, 800px\" \/>\t\t\t\t\t\t\t\t\t\t\t\t\t\t\t<\/div>\n\t\t\t\t<\/div>\n\t\t\t\t\t<\/div>\n\t\t<\/div>\n\t\t\t\t\t<\/div>\n\t\t<\/section>\n\t\t\t\t<div class=\"elementor-element elementor-element-4135384 elementor-widget elementor-widget-spacer\" data-id=\"4135384\" data-element_type=\"widget\" data-widget_type=\"spacer.default\">\n\t\t\t\t<div class=\"elementor-widget-container\">\n\t\t\t\t\t\t\t<div class=\"elementor-spacer\">\n\t\t\t<div class=\"elementor-spacer-inner\"><\/div>\n\t\t<\/div>\n\t\t\t\t\t\t<\/div>\n\t\t\t\t<\/div>\n\t\t\t\t<section class=\"elementor-section elementor-inner-section elementor-element elementor-element-6c558d5 elementor-section-boxed elementor-section-height-default elementor-section-height-default\" data-id=\"6c558d5\" data-element_type=\"section\" data-settings=\"{&quot;background_background&quot;:&quot;classic&quot;}\">\n\t\t\t\t\t\t<div class=\"elementor-container elementor-column-gap-default\">\n\t\t\t\t\t<div class=\"elementor-column elementor-col-50 elementor-inner-column elementor-element elementor-element-d41ac2c\" data-id=\"d41ac2c\" data-element_type=\"column\">\n\t\t\t<div class=\"elementor-widget-wrap elementor-element-populated\">\n\t\t\t\t\t\t<div class=\"elementor-element elementor-element-2204fe7 elementor-widget elementor-widget-image\" data-id=\"2204fe7\" data-element_type=\"widget\" data-widget_type=\"image.default\">\n\t\t\t\t<div class=\"elementor-widget-container\">\n\t\t\t\t\t\t\t\t\t\t\t\t\t\t\t<img fetchpriority=\"high\" decoding=\"async\" width=\"800\" height=\"600\" src=\"https:\/\/novawinch-deutschland.de\/wp-content\/uploads\/2025\/08\/306c8378f98ea96fd8606955bf1a898d4fd2905c-min-scaled-e1755139305567-1024x768.jpg\" class=\"attachment-large size-large wp-image-41\" alt=\"\" srcset=\"https:\/\/novawinch-deutschland.de\/wp-content\/uploads\/2025\/08\/306c8378f98ea96fd8606955bf1a898d4fd2905c-min-scaled-e1755139305567-1024x768.jpg 1024w, https:\/\/novawinch-deutschland.de\/wp-content\/uploads\/2025\/08\/306c8378f98ea96fd8606955bf1a898d4fd2905c-min-scaled-e1755139305567-300x225.jpg 300w, https:\/\/novawinch-deutschland.de\/wp-content\/uploads\/2025\/08\/306c8378f98ea96fd8606955bf1a898d4fd2905c-min-scaled-e1755139305567-768x576.jpg 768w, https:\/\/novawinch-deutschland.de\/wp-content\/uploads\/2025\/08\/306c8378f98ea96fd8606955bf1a898d4fd2905c-min-scaled-e1755139305567-1536x1152.jpg 1536w, https:\/\/novawinch-deutschland.de\/wp-content\/uploads\/2025\/08\/306c8378f98ea96fd8606955bf1a898d4fd2905c-min-scaled-e1755139305567-2048x1536.jpg 2048w\" sizes=\"(max-width: 800px) 100vw, 800px\" \/>\t\t\t\t\t\t\t\t\t\t\t\t\t\t\t<\/div>\n\t\t\t\t<\/div>\n\t\t\t\t\t<\/div>\n\t\t<\/div>\n\t\t\t\t<div class=\"elementor-column elementor-col-50 elementor-inner-column elementor-element elementor-element-b24f21a\" data-id=\"b24f21a\" data-element_type=\"column\">\n\t\t\t<div class=\"elementor-widget-wrap elementor-element-populated\">\n\t\t\t\t\t\t<section class=\"elementor-section elementor-inner-section elementor-element elementor-element-fdb10c3 elementor-section-boxed elementor-section-height-default elementor-section-height-default\" data-id=\"fdb10c3\" data-element_type=\"section\">\n\t\t\t\t\t\t<div class=\"elementor-container elementor-column-gap-default\">\n\t\t\t\t\t<div class=\"elementor-column elementor-col-100 elementor-inner-column elementor-element elementor-element-8120852\" data-id=\"8120852\" data-element_type=\"column\">\n\t\t\t<div class=\"elementor-widget-wrap elementor-element-populated\">\n\t\t\t\t\t\t<div class=\"elementor-element elementor-element-64ef956 elementor-widget elementor-widget-heading\" data-id=\"64ef956\" data-element_type=\"widget\" data-widget_type=\"heading.default\">\n\t\t\t\t<div class=\"elementor-widget-container\">\n\t\t\t\t\t<h2 class=\"elementor-heading-title elementor-size-default\">Novawinch Hubwinden<\/h2>\t\t\t\t<\/div>\n\t\t\t\t<\/div>\n\t\t\t\t<div class=\"elementor-element elementor-element-7ebdae5 elementor-widget elementor-widget-text-editor\" data-id=\"7ebdae5\" data-element_type=\"widget\" data-widget_type=\"text-editor.default\">\n\t\t\t\t<div class=\"elementor-widget-container\">\n\t\t\t\t\t\t\t\t\t<p>Novawinch Hubwinden stehen f\u00fcr kraftvolles Heben, pr\u00e4zise Steuerung und maximale Sicherheit. Sie sind die ideale L\u00f6sung f\u00fcr Industrie, Werkstatt, Bauwesen, Fahrzeugtechnik und Handwerk, wenn schwere Lasten zuverl\u00e4ssig bewegt oder positioniert werden m\u00fcssen.<\/p>\t\t\t\t\t\t\t\t<\/div>\n\t\t\t\t<\/div>\n\t\t\t\t<div class=\"elementor-element elementor-element-62e4821 elementor-align-right elementor-widget elementor-widget-button\" data-id=\"62e4821\" data-element_type=\"widget\" data-widget_type=\"button.default\">\n\t\t\t\t<div class=\"elementor-widget-container\">\n\t\t\t\t\t\t\t\t\t<div class=\"elementor-button-wrapper\">\n\t\t\t\t\t<a class=\"elementor-button elementor-button-link elementor-size-sm\" href=\"https:\/\/novawinch-deutschland.de\/?page_id=942\">\n\t\t\t\t\t\t<span class=\"elementor-button-content-wrapper\">\n\t\t\t\t\t\t\t\t\t<span class=\"elementor-button-text\">Mehr erfahren<\/span>\n\t\t\t\t\t<\/span>\n\t\t\t\t\t<\/a>\n\t\t\t\t<\/div>\n\t\t\t\t\t\t\t\t<\/div>\n\t\t\t\t<\/div>\n\t\t\t\t\t<\/div>\n\t\t<\/div>\n\t\t\t\t\t<\/div>\n\t\t<\/section>\n\t\t\t\t\t<\/div>\n\t\t<\/div>\n\t\t\t\t\t<\/div>\n\t\t<\/section>\n\t\t\t\t<div class=\"elementor-element elementor-element-427fced elementor-widget elementor-widget-spacer\" data-id=\"427fced\" data-element_type=\"widget\" data-widget_type=\"spacer.default\">\n\t\t\t\t<div class=\"elementor-widget-container\">\n\t\t\t\t\t\t\t<div class=\"elementor-spacer\">\n\t\t\t<div class=\"elementor-spacer-inner\"><\/div>\n\t\t<\/div>\n\t\t\t\t\t\t<\/div>\n\t\t\t\t<\/div>\n\t\t\t\t<section class=\"elementor-section elementor-inner-section elementor-element elementor-element-f681853 elementor-section-boxed elementor-section-height-default elementor-section-height-default\" data-id=\"f681853\" data-element_type=\"section\" data-settings=\"{&quot;background_background&quot;:&quot;classic&quot;}\">\n\t\t\t\t\t\t<div class=\"elementor-container elementor-column-gap-default\">\n\t\t\t\t\t<div class=\"elementor-column elementor-col-50 elementor-inner-column elementor-element elementor-element-5416d79\" data-id=\"5416d79\" data-element_type=\"column\">\n\t\t\t<div class=\"elementor-widget-wrap elementor-element-populated\">\n\t\t\t\t\t\t<section class=\"elementor-section elementor-inner-section elementor-element elementor-element-0c960c1 elementor-section-boxed elementor-section-height-default elementor-section-height-default\" data-id=\"0c960c1\" data-element_type=\"section\">\n\t\t\t\t\t\t<div class=\"elementor-container elementor-column-gap-default\">\n\t\t\t\t\t<div class=\"elementor-column elementor-col-100 elementor-inner-column elementor-element elementor-element-e6927d3\" data-id=\"e6927d3\" data-element_type=\"column\">\n\t\t\t<div class=\"elementor-widget-wrap elementor-element-populated\">\n\t\t\t\t\t\t<div class=\"elementor-element elementor-element-114418e elementor-widget elementor-widget-heading\" data-id=\"114418e\" data-element_type=\"widget\" data-widget_type=\"heading.default\">\n\t\t\t\t<div class=\"elementor-widget-container\">\n\t\t\t\t\t<h2 class=\"elementor-heading-title elementor-size-default\">Novawinch Zubeh\u00f6r <\/h2>\t\t\t\t<\/div>\n\t\t\t\t<\/div>\n\t\t\t\t<div class=\"elementor-element elementor-element-915137a elementor-widget elementor-widget-text-editor\" data-id=\"915137a\" data-element_type=\"widget\" data-widget_type=\"text-editor.default\">\n\t\t\t\t<div class=\"elementor-widget-container\">\n\t\t\t\t\t\t\t\t\t<p>Novawinch Zubeh\u00f6r bietet Ihnen hochwertige, passgenaue Erweiterungen und Ersatzteile f\u00fcr Ihre Seilwinden \u2013 f\u00fcr mehr Sicherheit, Effizienz und Komfort im Einsatz. Ob im Offroad-Gel\u00e4nde, im industriellen Umfeld oder beim Versorgen von Fahrzeugen: Mit dem richtigen Zubeh\u00f6r sind Sie auf alle Szenarien vorbereitet.<\/p>\t\t\t\t\t\t\t\t<\/div>\n\t\t\t\t<\/div>\n\t\t\t\t\t<\/div>\n\t\t<\/div>\n\t\t\t\t\t<\/div>\n\t\t<\/section>\n\t\t\t\t<div class=\"elementor-element elementor-element-2f813ad elementor-align-left elementor-widget elementor-widget-button\" data-id=\"2f813ad\" data-element_type=\"widget\" data-widget_type=\"button.default\">\n\t\t\t\t<div class=\"elementor-widget-container\">\n\t\t\t\t\t\t\t\t\t<div class=\"elementor-button-wrapper\">\n\t\t\t\t\t<a class=\"elementor-button elementor-button-link elementor-size-sm\" href=\"#\">\n\t\t\t\t\t\t<span class=\"elementor-button-content-wrapper\">\n\t\t\t\t\t\t\t\t\t<span class=\"elementor-button-text\">Mehr erfahren<\/span>\n\t\t\t\t\t<\/span>\n\t\t\t\t\t<\/a>\n\t\t\t\t<\/div>\n\t\t\t\t\t\t\t\t<\/div>\n\t\t\t\t<\/div>\n\t\t\t\t\t<\/div>\n\t\t<\/div>\n\t\t\t\t<div class=\"elementor-column elementor-col-50 elementor-inner-column elementor-element elementor-element-18ad3ba\" data-id=\"18ad3ba\" data-element_type=\"column\">\n\t\t\t<div class=\"elementor-widget-wrap elementor-element-populated\">\n\t\t\t\t\t\t<div class=\"elementor-element elementor-element-bc1ac0e elementor-widget elementor-widget-image\" data-id=\"bc1ac0e\" data-element_type=\"widget\" data-widget_type=\"image.default\">\n\t\t\t\t<div class=\"elementor-widget-container\">\n\t\t\t\t\t\t\t\t\t\t\t\t\t\t\t<img decoding=\"async\" width=\"800\" height=\"600\" src=\"https:\/\/novawinch-deutschland.de\/wp-content\/uploads\/2025\/08\/c23681bdae2c25424fb6e35d5d83a212e6e207c0-e1755139437830.jpg\" class=\"attachment-large size-large wp-image-53\" alt=\"\" srcset=\"https:\/\/novawinch-deutschland.de\/wp-content\/uploads\/2025\/08\/c23681bdae2c25424fb6e35d5d83a212e6e207c0-e1755139437830.jpg 800w, https:\/\/novawinch-deutschland.de\/wp-content\/uploads\/2025\/08\/c23681bdae2c25424fb6e35d5d83a212e6e207c0-e1755139437830-300x225.jpg 300w, https:\/\/novawinch-deutschland.de\/wp-content\/uploads\/2025\/08\/c23681bdae2c25424fb6e35d5d83a212e6e207c0-e1755139437830-768x576.jpg 768w\" sizes=\"(max-width: 800px) 100vw, 800px\" \/>\t\t\t\t\t\t\t\t\t\t\t\t\t\t\t<\/div>\n\t\t\t\t<\/div>\n\t\t\t\t\t<\/div>\n\t\t<\/div>\n\t\t\t\t\t<\/div>\n\t\t<\/section>\n\t\t\t\t\t<\/div>\n\t\t<\/div>\n\t\t\t\t\t<\/div>\n\t\t<\/section>\n\t\t\t\t<\/div>\n\t\t","protected":false},"excerpt":{"rendered":"<p>ZUG- UND HUBWINDEN F\u00dcR NUTZFAHRZEUGE, \u2028INDUSTRIE, OFFROAD \u00dcber Novawinch Novawinch definiert seit 1997 Seilwinden f\u00fcr Abschlepp-, Bau und Nutzfahrzeuganwendungen v\u00f6llig neu. Das Unternehmen stellt nicht einfach Produkte her, sondern verwandelt Rohmaterialien in eine enorme Kraft, auf die Sie vertrauen k\u00f6nnen. Qualit\u00e4t, Zuverl\u00e4ssigkeit und Kundenorientierung bestimmen alles, was Novawinch anpackt, w\u00e4hrend Standards wie CE, ISO 9001, [&hellip;]<\/p>\n","protected":false},"author":1,"featured_media":0,"parent":0,"menu_order":0,"comment_status":"closed","ping_status":"closed","template":"","meta":{"footnotes":""},"class_list":["post-738","page","type-page","status-publish","hentry"],"_links":{"self":[{"href":"https:\/\/novawinch-deutschland.de\/index.php?rest_route=\/wp\/v2\/pages\/738","targetHints":{"allow":["GET"]}}],"collection":[{"href":"https:\/\/novawinch-deutschland.de\/index.php?rest_route=\/wp\/v2\/pages"}],"about":[{"href":"https:\/\/novawinch-deutschland.de\/index.php?rest_route=\/wp\/v2\/types\/page"}],"author":[{"embeddable":true,"href":"https:\/\/novawinch-deutschland.de\/index.php?rest_route=\/wp\/v2\/users\/1"}],"replies":[{"embeddable":true,"href":"https:\/\/novawinch-deutschland.de\/index.php?rest_route=%2Fwp%2Fv2%2Fcomments&post=738"}],"version-history":[{"count":9,"href":"https:\/\/novawinch-deutschland.de\/index.php?rest_route=\/wp\/v2\/pages\/738\/revisions"}],"predecessor-version":[{"id":958,"href":"https:\/\/novawinch-deutschland.de\/index.php?rest_route=\/wp\/v2\/pages\/738\/revisions\/958"}],"wp:attachment":[{"href":"https:\/\/novawinch-deutschland.de\/index.php?rest_route=%2Fwp%2Fv2%2Fmedia&parent=738"}],"curies":[{"name":"wp","href":"https:\/\/api.w.org\/{rel}","templated":true}]}}