{"id":746,"date":"2026-04-29T11:36:26","date_gmt":"2026-04-29T11:36:26","guid":{"rendered":"https:\/\/novawinch-deutschland.de\/?page_id=746"},"modified":"2026-05-04T07:29:37","modified_gmt":"2026-05-04T07:29:37","slug":"produkte","status":"publish","type":"page","link":"https:\/\/novawinch-deutschland.de\/?page_id=746","title":{"rendered":"Produkte"},"content":{"rendered":"\t\t<div data-elementor-type=\"wp-page\" data-elementor-id=\"746\" class=\"elementor elementor-746\">\n\t\t\t\t<div class=\"elementor-element elementor-element-a02c32d e-flex e-con-boxed e-con e-parent\" data-id=\"a02c32d\" data-element_type=\"container\">\n\t\t\t\t\t<div class=\"e-con-inner\">\n\t\t<div class=\"elementor-element elementor-element-59f47c7 e-con-full e-flex e-con e-child\" data-id=\"59f47c7\" data-element_type=\"container\">\n\t\t\t\t<div class=\"elementor-element elementor-element-4d0d4c5 elementor-widget elementor-widget-image\" data-id=\"4d0d4c5\" data-element_type=\"widget\" data-widget_type=\"image.default\">\n\t\t\t\t<div class=\"elementor-widget-container\">\n\t\t\t\t\t\t\t\t\t\t\t\t\t\t\t<img fetchpriority=\"high\" decoding=\"async\" width=\"800\" height=\"600\" src=\"https:\/\/novawinch-deutschland.de\/wp-content\/uploads\/2025\/08\/306c8378f98ea96fd8606955bf1a898d4fd2905c-min-scaled-e1755139305567-1024x768.jpg\" class=\"attachment-large size-large wp-image-41\" alt=\"\" srcset=\"https:\/\/novawinch-deutschland.de\/wp-content\/uploads\/2025\/08\/306c8378f98ea96fd8606955bf1a898d4fd2905c-min-scaled-e1755139305567-1024x768.jpg 1024w, https:\/\/novawinch-deutschland.de\/wp-content\/uploads\/2025\/08\/306c8378f98ea96fd8606955bf1a898d4fd2905c-min-scaled-e1755139305567-300x225.jpg 300w, https:\/\/novawinch-deutschland.de\/wp-content\/uploads\/2025\/08\/306c8378f98ea96fd8606955bf1a898d4fd2905c-min-scaled-e1755139305567-768x576.jpg 768w, https:\/\/novawinch-deutschland.de\/wp-content\/uploads\/2025\/08\/306c8378f98ea96fd8606955bf1a898d4fd2905c-min-scaled-e1755139305567-1536x1152.jpg 1536w, https:\/\/novawinch-deutschland.de\/wp-content\/uploads\/2025\/08\/306c8378f98ea96fd8606955bf1a898d4fd2905c-min-scaled-e1755139305567-2048x1536.jpg 2048w\" sizes=\"(max-width: 800px) 100vw, 800px\" \/>\t\t\t\t\t\t\t\t\t\t\t\t\t\t\t<\/div>\n\t\t\t\t<\/div>\n\t\t\t\t<\/div>\n\t\t<div class=\"elementor-element elementor-element-e787019 e-con-full e-flex e-con e-child\" data-id=\"e787019\" data-element_type=\"container\">\n\t\t\t\t<div class=\"elementor-element elementor-element-2cc7cd9 elementor-widget elementor-widget-heading\" data-id=\"2cc7cd9\" data-element_type=\"widget\" data-widget_type=\"heading.default\">\n\t\t\t\t<div class=\"elementor-widget-container\">\n\t\t\t\t\t<h2 class=\"elementor-heading-title elementor-size-default\"><div data-id=\"002daf9\" data-element_type=\"widget\" data-widget_type=\"heading.default\" style=\"--flex-wrap: initial;--justify-content: initial;--align-items: initial;--align-content: initial;--gap: initial;--flex-basis: initial;--flex-grow: initial;--flex-shrink: initial;--order: initial;--align-self: initial;align-self: auto;flex: 0 1 auto;align-items: normal;flex-flow: row;gap: 20px;--widgets-spacing: 20px 20px;--widgets-spacing-row: 20px;--widgets-spacing-column: 20px;--swiper-theme-color: #000;--swiper-navigation-size: 44px;--swiper-pagination-bullet-size: 6px;--swiper-pagination-bullet-horizontal-gap: 6px;margin-bottom: 0px;--kit-widget-spacing: 0px;font-family: Cabin, sans-serif;font-size: 36px;font-weight: 400;white-space: normal\"><div><h2 style=\"font-family: Roboto, sans-serif;font-weight: 600\">Novawinch Elektrische Seilwinden<span style=\"font-family: Cabin, sans-serif;font-size: 36px;white-space: pre-wrap\"><\/span><\/h2><\/div><\/div><\/h2>\t\t\t\t<\/div>\n\t\t\t\t<\/div>\n\t\t\t\t<div class=\"elementor-element elementor-element-b636fab elementor-widget elementor-widget-text-editor\" data-id=\"b636fab\" data-element_type=\"widget\" data-widget_type=\"text-editor.default\">\n\t\t\t\t<div class=\"elementor-widget-container\">\n\t\t\t\t\t\t\t\t\t<p>Novawinch elektrische Seilwinden \u00fcberzeugen durch starke Leistung, hohe Sicherheit und zuverl\u00e4ssige Technik \u2013 ideal f\u00fcr Offroad-Fahrzeuge, Anh\u00e4nger, Werkst\u00e4tten, Landwirtschaft und Industrie. Mit modernem Elektromotor und pr\u00e4ziser Steuerung bieten sie eine konstante Zugkraft bei gleichzeitig einfacher Handhabung.<\/p>\t\t\t\t\t\t\t\t<\/div>\n\t\t\t\t<\/div>\n\t\t\t\t<div class=\"elementor-element elementor-element-a429370 elementor-align-right elementor-widget elementor-widget-button\" data-id=\"a429370\" data-element_type=\"widget\" data-widget_type=\"button.default\">\n\t\t\t\t<div class=\"elementor-widget-container\">\n\t\t\t\t\t\t\t\t\t<div class=\"elementor-button-wrapper\">\n\t\t\t\t\t<a class=\"elementor-button elementor-button-link elementor-size-sm\" href=\"https:\/\/novawinch-deutschland.de\/?page_id=142\">\n\t\t\t\t\t\t<span class=\"elementor-button-content-wrapper\">\n\t\t\t\t\t\t\t\t\t<span class=\"elementor-button-text\">Zu den Produkten<\/span>\n\t\t\t\t\t<\/span>\n\t\t\t\t\t<\/a>\n\t\t\t\t<\/div>\n\t\t\t\t\t\t\t\t<\/div>\n\t\t\t\t<\/div>\n\t\t\t\t<\/div>\n\t\t\t\t\t<\/div>\n\t\t\t\t<\/div>\n\t\t<div class=\"elementor-element elementor-element-78a46fa e-flex e-con-boxed e-con e-parent\" data-id=\"78a46fa\" data-element_type=\"container\">\n\t\t\t\t\t<div class=\"e-con-inner\">\n\t\t<div class=\"elementor-element elementor-element-4b1aac9 e-con-full e-flex e-con e-child\" data-id=\"4b1aac9\" data-element_type=\"container\">\n\t\t\t\t<div class=\"elementor-element elementor-element-d39377e elementor-widget elementor-widget-heading\" data-id=\"d39377e\" data-element_type=\"widget\" data-widget_type=\"heading.default\">\n\t\t\t\t<div class=\"elementor-widget-container\">\n\t\t\t\t\t<h2 class=\"elementor-heading-title elementor-size-default\"><div data-id=\"002daf9\" data-element_type=\"widget\" data-widget_type=\"heading.default\" style=\"--flex-wrap: initial;--justify-content: initial;--align-items: initial;--align-content: initial;--gap: initial;--flex-basis: initial;--flex-grow: initial;--flex-shrink: initial;--order: initial;--align-self: initial;align-self: auto;flex: 0 1 auto;align-items: normal;flex-flow: row;gap: 20px;--widgets-spacing: 20px 20px;--widgets-spacing-row: 20px;--widgets-spacing-column: 20px;--swiper-theme-color: #000;--swiper-navigation-size: 44px;--swiper-pagination-bullet-size: 6px;--swiper-pagination-bullet-horizontal-gap: 6px;margin-bottom: 0px;--kit-widget-spacing: 0px;font-family: Cabin, sans-serif;font-size: 36px;font-weight: 400;white-space: normal\"><div><h2 style=\"font-family: Roboto, sans-serif;font-weight: 600\">Novawinch Hydraulische Seilwinden<span style=\"font-family: Cabin, sans-serif;font-size: 36px;white-space: pre-wrap\"><\/span><\/h2><\/div><\/div><\/h2>\t\t\t\t<\/div>\n\t\t\t\t<\/div>\n\t\t\t\t<div class=\"elementor-element elementor-element-220f904 elementor-widget elementor-widget-text-editor\" data-id=\"220f904\" data-element_type=\"widget\" data-widget_type=\"text-editor.default\">\n\t\t\t\t<div class=\"elementor-widget-container\">\n\t\t\t\t\t\t\t\t\t<p>Novawinch hydraulische Seilwinden stehen f\u00fcr Qualit\u00e4t, Leistung und Sicherheit. Sie sind die ideale L\u00f6sung f\u00fcr anspruchsvolle Anwendungen in Industrie, Forstwirtschaft, Bergbau, Bauwesen und Offroad-Bereich. Dank modernster Hydrauliktechnologie bieten die Winden eine konstante Zugkraft und h\u00f6chste Effizienz \u2013 auch unter extremen Bedingungen.<\/p>\t\t\t\t\t\t\t\t<\/div>\n\t\t\t\t<\/div>\n\t\t\t\t<div class=\"elementor-element elementor-element-cd8b290 elementor-align-left elementor-widget elementor-widget-button\" data-id=\"cd8b290\" data-element_type=\"widget\" data-widget_type=\"button.default\">\n\t\t\t\t<div class=\"elementor-widget-container\">\n\t\t\t\t\t\t\t\t\t<div class=\"elementor-button-wrapper\">\n\t\t\t\t\t<a class=\"elementor-button elementor-button-link elementor-size-sm\" href=\"https:\/\/novawinch-deutschland.de\/?page_id=652\">\n\t\t\t\t\t\t<span class=\"elementor-button-content-wrapper\">\n\t\t\t\t\t\t\t\t\t<span class=\"elementor-button-text\">Zu den Produkten<\/span>\n\t\t\t\t\t<\/span>\n\t\t\t\t\t<\/a>\n\t\t\t\t<\/div>\n\t\t\t\t\t\t\t\t<\/div>\n\t\t\t\t<\/div>\n\t\t\t\t<\/div>\n\t\t<div class=\"elementor-element elementor-element-1277f5b e-con-full e-flex e-con e-child\" data-id=\"1277f5b\" data-element_type=\"container\">\n\t\t\t\t<div class=\"elementor-element elementor-element-727d5ac elementor-widget elementor-widget-image\" data-id=\"727d5ac\" data-element_type=\"widget\" data-widget_type=\"image.default\">\n\t\t\t\t<div class=\"elementor-widget-container\">\n\t\t\t\t\t\t\t\t\t\t\t\t\t\t\t<img decoding=\"async\" width=\"800\" height=\"598\" src=\"https:\/\/novawinch-deutschland.de\/wp-content\/uploads\/2025\/08\/d01bcd2b2325949fd8616baa44f8816cbc0920f7-min-scaled-e1755139353197-1024x766.png\" class=\"attachment-large size-large wp-image-52\" alt=\"\" srcset=\"https:\/\/novawinch-deutschland.de\/wp-content\/uploads\/2025\/08\/d01bcd2b2325949fd8616baa44f8816cbc0920f7-min-scaled-e1755139353197-1024x766.png 1024w, https:\/\/novawinch-deutschland.de\/wp-content\/uploads\/2025\/08\/d01bcd2b2325949fd8616baa44f8816cbc0920f7-min-scaled-e1755139353197-300x224.png 300w, https:\/\/novawinch-deutschland.de\/wp-content\/uploads\/2025\/08\/d01bcd2b2325949fd8616baa44f8816cbc0920f7-min-scaled-e1755139353197-768x574.png 768w, https:\/\/novawinch-deutschland.de\/wp-content\/uploads\/2025\/08\/d01bcd2b2325949fd8616baa44f8816cbc0920f7-min-scaled-e1755139353197-1536x1149.png 1536w, https:\/\/novawinch-deutschland.de\/wp-content\/uploads\/2025\/08\/d01bcd2b2325949fd8616baa44f8816cbc0920f7-min-scaled-e1755139353197.png 1840w\" sizes=\"(max-width: 800px) 100vw, 800px\" \/>\t\t\t\t\t\t\t\t\t\t\t\t\t\t\t<\/div>\n\t\t\t\t<\/div>\n\t\t\t\t<\/div>\n\t\t\t\t\t<\/div>\n\t\t\t\t<\/div>\n\t\t<div class=\"elementor-element elementor-element-12cca79 e-flex e-con-boxed e-con e-parent\" data-id=\"12cca79\" data-element_type=\"container\">\n\t\t\t\t\t<div class=\"e-con-inner\">\n\t\t<div class=\"elementor-element elementor-element-f255816 e-con-full e-flex e-con e-child\" data-id=\"f255816\" data-element_type=\"container\">\n\t\t\t\t<div class=\"elementor-element elementor-element-c0d1144 elementor-widget elementor-widget-image\" data-id=\"c0d1144\" data-element_type=\"widget\" data-widget_type=\"image.default\">\n\t\t\t\t<div class=\"elementor-widget-container\">\n\t\t\t\t\t\t\t\t\t\t\t\t\t\t\t<img fetchpriority=\"high\" decoding=\"async\" width=\"800\" height=\"600\" src=\"https:\/\/novawinch-deutschland.de\/wp-content\/uploads\/2025\/08\/306c8378f98ea96fd8606955bf1a898d4fd2905c-min-scaled-e1755139305567-1024x768.jpg\" class=\"attachment-large size-large wp-image-41\" alt=\"\" srcset=\"https:\/\/novawinch-deutschland.de\/wp-content\/uploads\/2025\/08\/306c8378f98ea96fd8606955bf1a898d4fd2905c-min-scaled-e1755139305567-1024x768.jpg 1024w, https:\/\/novawinch-deutschland.de\/wp-content\/uploads\/2025\/08\/306c8378f98ea96fd8606955bf1a898d4fd2905c-min-scaled-e1755139305567-300x225.jpg 300w, https:\/\/novawinch-deutschland.de\/wp-content\/uploads\/2025\/08\/306c8378f98ea96fd8606955bf1a898d4fd2905c-min-scaled-e1755139305567-768x576.jpg 768w, https:\/\/novawinch-deutschland.de\/wp-content\/uploads\/2025\/08\/306c8378f98ea96fd8606955bf1a898d4fd2905c-min-scaled-e1755139305567-1536x1152.jpg 1536w, https:\/\/novawinch-deutschland.de\/wp-content\/uploads\/2025\/08\/306c8378f98ea96fd8606955bf1a898d4fd2905c-min-scaled-e1755139305567-2048x1536.jpg 2048w\" sizes=\"(max-width: 800px) 100vw, 800px\" \/>\t\t\t\t\t\t\t\t\t\t\t\t\t\t\t<\/div>\n\t\t\t\t<\/div>\n\t\t\t\t<\/div>\n\t\t<div class=\"elementor-element elementor-element-6a753bc e-con-full e-flex e-con e-child\" data-id=\"6a753bc\" data-element_type=\"container\">\n\t\t\t\t<div class=\"elementor-element elementor-element-66584e6 elementor-widget elementor-widget-heading\" data-id=\"66584e6\" data-element_type=\"widget\" data-widget_type=\"heading.default\">\n\t\t\t\t<div class=\"elementor-widget-container\">\n\t\t\t\t\t<h2 class=\"elementor-heading-title elementor-size-default\"><div data-id=\"002daf9\" data-element_type=\"widget\" data-widget_type=\"heading.default\" style=\"--flex-wrap: initial;--justify-content: initial;--align-items: initial;--align-content: initial;--gap: initial;--flex-basis: initial;--flex-grow: initial;--flex-shrink: initial;--order: initial;--align-self: initial;align-self: auto;flex: 0 1 auto;align-items: normal;flex-flow: row;gap: 20px;--widgets-spacing: 20px 20px;--widgets-spacing-row: 20px;--widgets-spacing-column: 20px;--swiper-theme-color: #000;--swiper-navigation-size: 44px;--swiper-pagination-bullet-size: 6px;--swiper-pagination-bullet-horizontal-gap: 6px;margin-bottom: 0px;--kit-widget-spacing: 0px;font-family: Cabin, sans-serif;font-size: 36px;font-weight: 400;white-space: normal\"><div><h2 style=\"font-family: Roboto, sans-serif;font-weight: 600\">Novawinch Hubwinden<span style=\"font-family: Cabin, sans-serif;font-size: 36px;white-space: pre-wrap\"><\/span><\/h2><\/div><\/div><\/h2>\t\t\t\t<\/div>\n\t\t\t\t<\/div>\n\t\t\t\t<div class=\"elementor-element elementor-element-2161812 elementor-widget elementor-widget-text-editor\" data-id=\"2161812\" data-element_type=\"widget\" data-widget_type=\"text-editor.default\">\n\t\t\t\t<div class=\"elementor-widget-container\">\n\t\t\t\t\t\t\t\t\t<p>Novawinch Hubwinden stehen f\u00fcr kraftvolles Heben, pr\u00e4zise Steuerung und maximale Sicherheit. Sie sind die ideale L\u00f6sung f\u00fcr Industrie, Werkstatt, Bauwesen, Fahrzeugtechnik und Handwerk, wenn schwere Lasten zuverl\u00e4ssig bewegt oder positioniert werden m\u00fcssen.<\/p>\t\t\t\t\t\t\t\t<\/div>\n\t\t\t\t<\/div>\n\t\t\t\t<div class=\"elementor-element elementor-element-039c007 elementor-align-right elementor-widget elementor-widget-button\" data-id=\"039c007\" data-element_type=\"widget\" data-widget_type=\"button.default\">\n\t\t\t\t<div class=\"elementor-widget-container\">\n\t\t\t\t\t\t\t\t\t<div class=\"elementor-button-wrapper\">\n\t\t\t\t\t<a class=\"elementor-button elementor-button-link elementor-size-sm\" href=\"https:\/\/novawinch-deutschland.de\/?page_id=942\">\n\t\t\t\t\t\t<span class=\"elementor-button-content-wrapper\">\n\t\t\t\t\t\t\t\t\t<span class=\"elementor-button-text\">Zu den Produkten<\/span>\n\t\t\t\t\t<\/span>\n\t\t\t\t\t<\/a>\n\t\t\t\t<\/div>\n\t\t\t\t\t\t\t\t<\/div>\n\t\t\t\t<\/div>\n\t\t\t\t<\/div>\n\t\t\t\t\t<\/div>\n\t\t\t\t<\/div>\n\t\t\t\t<\/div>\n\t\t","protected":false},"excerpt":{"rendered":"<p>Novawinch Elektrische Seilwinden Novawinch elektrische Seilwinden \u00fcberzeugen durch starke Leistung, hohe Sicherheit und zuverl\u00e4ssige Technik \u2013 ideal f\u00fcr Offroad-Fahrzeuge, Anh\u00e4nger, Werkst\u00e4tten, Landwirtschaft und Industrie. Mit modernem Elektromotor und pr\u00e4ziser Steuerung bieten sie eine konstante Zugkraft bei gleichzeitig einfacher Handhabung. Zu den Produkten Novawinch Hydraulische Seilwinden Novawinch hydraulische Seilwinden stehen f\u00fcr Qualit\u00e4t, Leistung und Sicherheit. Sie [&hellip;]<\/p>\n","protected":false},"author":1,"featured_media":0,"parent":0,"menu_order":0,"comment_status":"closed","ping_status":"closed","template":"","meta":{"footnotes":""},"class_list":["post-746","page","type-page","status-publish","hentry"],"_links":{"self":[{"href":"https:\/\/novawinch-deutschland.de\/index.php?rest_route=\/wp\/v2\/pages\/746","targetHints":{"allow":["GET"]}}],"collection":[{"href":"https:\/\/novawinch-deutschland.de\/index.php?rest_route=\/wp\/v2\/pages"}],"about":[{"href":"https:\/\/novawinch-deutschland.de\/index.php?rest_route=\/wp\/v2\/types\/page"}],"author":[{"embeddable":true,"href":"https:\/\/novawinch-deutschland.de\/index.php?rest_route=\/wp\/v2\/users\/1"}],"replies":[{"embeddable":true,"href":"https:\/\/novawinch-deutschland.de\/index.php?rest_route=%2Fwp%2Fv2%2Fcomments&post=746"}],"version-history":[{"count":43,"href":"https:\/\/novawinch-deutschland.de\/index.php?rest_route=\/wp\/v2\/pages\/746\/revisions"}],"predecessor-version":[{"id":1001,"href":"https:\/\/novawinch-deutschland.de\/index.php?rest_route=\/wp\/v2\/pages\/746\/revisions\/1001"}],"wp:attachment":[{"href":"https:\/\/novawinch-deutschland.de\/index.php?rest_route=%2Fwp%2Fv2%2Fmedia&parent=746"}],"curies":[{"name":"wp","href":"https:\/\/api.w.org\/{rel}","templated":true}]}}