{"id":942,"date":"2026-04-30T14:05:30","date_gmt":"2026-04-30T14:05:30","guid":{"rendered":"https:\/\/novawinch-deutschland.de\/?page_id=942"},"modified":"2026-05-04T07:20:51","modified_gmt":"2026-05-04T07:20:51","slug":"hubwinden","status":"publish","type":"page","link":"https:\/\/novawinch-deutschland.de\/?page_id=942","title":{"rendered":"Hubwinden"},"content":{"rendered":"\t\t<div data-elementor-type=\"wp-page\" data-elementor-id=\"942\" class=\"elementor elementor-942\">\n\t\t\t\t\t\t<section class=\"elementor-section elementor-top-section elementor-element elementor-element-2287023 elementor-section-full_width elementor-section-height-min-height elementor-section-items-bottom elementor-section-height-default\" data-id=\"2287023\" data-element_type=\"section\" data-settings=\"{&quot;background_background&quot;:&quot;classic&quot;}\">\n\t\t\t\t\t\t\t<div class=\"elementor-background-overlay\"><\/div>\n\t\t\t\t\t\t\t<div class=\"elementor-container elementor-column-gap-default\">\n\t\t\t\t\t<div class=\"elementor-column elementor-col-100 elementor-top-column elementor-element elementor-element-d6b9ef0\" data-id=\"d6b9ef0\" data-element_type=\"column\">\n\t\t\t<div class=\"elementor-widget-wrap elementor-element-populated\">\n\t\t\t\t\t\t<section class=\"elementor-section elementor-inner-section elementor-element elementor-element-128567b elementor-section-content-bottom elementor-section-boxed elementor-section-height-default elementor-section-height-default\" data-id=\"128567b\" data-element_type=\"section\">\n\t\t\t\t\t\t<div class=\"elementor-container elementor-column-gap-default\">\n\t\t\t\t\t<div class=\"elementor-column elementor-col-66 elementor-inner-column elementor-element elementor-element-bac68e2\" data-id=\"bac68e2\" data-element_type=\"column\">\n\t\t\t<div class=\"elementor-widget-wrap elementor-element-populated\">\n\t\t\t\t\t\t<div class=\"elementor-element elementor-element-4ae5efc elementor-widget elementor-widget-heading\" data-id=\"4ae5efc\" data-element_type=\"widget\" data-widget_type=\"heading.default\">\n\t\t\t\t<div class=\"elementor-widget-container\">\n\t\t\t\t\t<h2 class=\"elementor-heading-title elementor-size-default\">Hubwinden<\/h2>\t\t\t\t<\/div>\n\t\t\t\t<\/div>\n\t\t\t\t<div class=\"elementor-element elementor-element-9d0a1e0 elementor-widget__width-initial elementor-widget elementor-widget-heading\" data-id=\"9d0a1e0\" data-element_type=\"widget\" data-widget_type=\"heading.default\">\n\t\t\t\t<div class=\"elementor-widget-container\">\n\t\t\t\t\t<h2 class=\"elementor-heading-title elementor-size-default\">Maximale Leistung f\u00fcr den professionellen Einsatz<\/h2>\t\t\t\t<\/div>\n\t\t\t\t<\/div>\n\t\t\t\t\t<\/div>\n\t\t<\/div>\n\t\t\t\t<div class=\"elementor-column elementor-col-33 elementor-inner-column elementor-element elementor-element-37e7999\" data-id=\"37e7999\" data-element_type=\"column\">\n\t\t\t<div class=\"elementor-widget-wrap\">\n\t\t\t\t\t\t\t<\/div>\n\t\t<\/div>\n\t\t\t\t\t<\/div>\n\t\t<\/section>\n\t\t\t\t\t<\/div>\n\t\t<\/div>\n\t\t\t\t\t<\/div>\n\t\t<\/section>\n\t\t<div class=\"elementor-element elementor-element-3092504 e-flex e-con-boxed e-con e-parent\" data-id=\"3092504\" data-element_type=\"container\">\n\t\t\t\t\t<div class=\"e-con-inner\">\n\t\t\t\t<div class=\"elementor-element elementor-element-113c022 elementor-widget elementor-widget-text-editor\" data-id=\"113c022\" data-element_type=\"widget\" data-widget_type=\"text-editor.default\">\n\t\t\t\t<div class=\"elementor-widget-container\">\n\t\t\t\t\t\t\t\t\t<p>Hydraulische Seilwinden von Novawinch stehen f\u00fcr kompromisslose Leistung, extreme Belastbarkeit und ein starkes Preis-Leistungs-Verh\u00e4ltnis im gewerblichen Einsatz. Entwickelt f\u00fcr den Einsatz in Industrie, Bau und Abschleppdienst \u00fcberzeugen diese leistungsstarken Seilwinden durch ihre Zuverl\u00e4ssigkeit auch unter Dauerbelastung.<\/p>\t\t\t\t\t\t\t\t<\/div>\n\t\t\t\t<\/div>\n\t\t\t\t<div class=\"elementor-element elementor-element-6051384 elementor-widget elementor-widget-n-accordion\" data-id=\"6051384\" data-element_type=\"widget\" data-settings=\"{&quot;max_items_expended&quot;:&quot;multiple&quot;,&quot;default_state&quot;:&quot;expanded&quot;,&quot;n_accordion_animation_duration&quot;:{&quot;unit&quot;:&quot;ms&quot;,&quot;size&quot;:400,&quot;sizes&quot;:[]}}\" data-widget_type=\"nested-accordion.default\">\n\t\t\t\t<div class=\"elementor-widget-container\">\n\t\t\t\t\t\t\t<div class=\"e-n-accordion\" aria-label=\"Accordion. Open links with Enter or Space, close with Escape, and navigate with Arrow Keys\">\n\t\t\t\t\t\t<details id=\"e-n-accordion-item-1000\" class=\"e-n-accordion-item\" open>\n\t\t\t\t<summary class=\"e-n-accordion-item-title\" data-accordion-index=\"1\" tabindex=\"0\" aria-expanded=\"true\" aria-controls=\"e-n-accordion-item-1000\" >\n\t\t\t\t\t<span class='e-n-accordion-item-title-header'><div class=\"e-n-accordion-item-title-text\"> TH 1000 <\/div><\/span>\n\t\t\t\t\t\t\t<span class='e-n-accordion-item-title-icon'>\n\t\t\t<span class='e-opened' ><i aria-hidden=\"true\" class=\"fas fa-minus\"><\/i><\/span>\n\t\t\t<span class='e-closed'><i aria-hidden=\"true\" class=\"fas fa-plus\"><\/i><\/span>\n\t\t<\/span>\n\n\t\t\t\t\t\t<\/summary>\n\t\t\t\t<div role=\"region\" aria-labelledby=\"e-n-accordion-item-1000\" class=\"elementor-element elementor-element-6793178 e-con-full e-flex e-con e-child\" data-id=\"6793178\" data-element_type=\"container\">\n\t\t<div role=\"region\" aria-labelledby=\"e-n-accordion-item-1000\" class=\"elementor-element elementor-element-e8e8992 e-con-full e-flex e-con e-child\" data-id=\"e8e8992\" data-element_type=\"container\" data-settings=\"{&quot;background_background&quot;:&quot;gradient&quot;}\">\n\t\t\t\t<div class=\"elementor-element elementor-element-f6dd5e7 elementor-widget elementor-widget-image\" data-id=\"f6dd5e7\" data-element_type=\"widget\" data-widget_type=\"image.default\">\n\t\t\t\t<div class=\"elementor-widget-container\">\n\t\t\t\t\t\t\t\t\t\t\t\t\t\t\t<img fetchpriority=\"high\" decoding=\"async\" width=\"1536\" height=\"1536\" src=\"https:\/\/novawinch-deutschland.de\/wp-content\/uploads\/2026\/04\/Toto-22000-Freigestellt-1536x1536.png\" class=\"attachment-1536x1536 size-1536x1536 wp-image-676\" alt=\"\" srcset=\"https:\/\/novawinch-deutschland.de\/wp-content\/uploads\/2026\/04\/Toto-22000-Freigestellt-1536x1536.png 1536w, https:\/\/novawinch-deutschland.de\/wp-content\/uploads\/2026\/04\/Toto-22000-Freigestellt-300x300.png 300w, https:\/\/novawinch-deutschland.de\/wp-content\/uploads\/2026\/04\/Toto-22000-Freigestellt-1024x1024.png 1024w, https:\/\/novawinch-deutschland.de\/wp-content\/uploads\/2026\/04\/Toto-22000-Freigestellt-150x150.png 150w, https:\/\/novawinch-deutschland.de\/wp-content\/uploads\/2026\/04\/Toto-22000-Freigestellt-768x768.png 768w, https:\/\/novawinch-deutschland.de\/wp-content\/uploads\/2026\/04\/Toto-22000-Freigestellt.png 2048w\" sizes=\"(max-width: 1536px) 100vw, 1536px\" \/>\t\t\t\t\t\t\t\t\t\t\t\t\t\t\t<\/div>\n\t\t\t\t<\/div>\n\t\t\t\t<div class=\"elementor-element elementor-element-abeab85 elementor-widget elementor-widget-heading\" data-id=\"abeab85\" data-element_type=\"widget\" data-widget_type=\"heading.default\">\n\t\t\t\t<div class=\"elementor-widget-container\">\n\t\t\t\t\t<h2 class=\"elementor-heading-title elementor-size-default\">TH 1000<\/h2>\t\t\t\t<\/div>\n\t\t\t\t<\/div>\n\t\t\t\t<div class=\"elementor-element elementor-element-702c35e elementor-widget elementor-widget-text-editor\" data-id=\"702c35e\" data-element_type=\"widget\" data-widget_type=\"text-editor.default\">\n\t\t\t\t<div class=\"elementor-widget-container\">\n\t\t\t\t\t\t\t\t\t<p>Robust und leistungsf\u00e4hige Hubwinde f\u00fcr Bauwesen,\u00a0 Industrie und Handwerk<\/p>\t\t\t\t\t\t\t\t<\/div>\n\t\t\t\t<\/div>\n\t\t\t\t<div class=\"elementor-element elementor-element-b8258d8 elementor-widget elementor-widget-text-editor\" data-id=\"b8258d8\" data-element_type=\"widget\" data-widget_type=\"text-editor.default\">\n\t\t\t\t<div class=\"elementor-widget-container\">\n\t\t\t\t\t\t\t\t\t<p>Zugkraft:&nbsp; &nbsp; &nbsp; &nbsp; &nbsp; &nbsp; &nbsp; &nbsp; &nbsp; &nbsp; &nbsp; &nbsp; &nbsp; &nbsp;454 kg<\/p>\n<p>Seill\u00e4nge:&nbsp; &nbsp; &nbsp; &nbsp; &nbsp; &nbsp; &nbsp; &nbsp; &nbsp; &nbsp; &nbsp; &nbsp; &nbsp; 18,3 m<\/p>\n<p><span style=\"letter-spacing: 0px; background-color: transparent; font-size: 1rem;\">Betriebsspannung<\/span>:&nbsp; &nbsp; &nbsp; 12 \/ 24 V&nbsp;<\/p>\n<p><span style=\"letter-spacing: 0px; background-color: transparent; font-size: 1rem;\">Max. Stromaufnahme:<\/span>&nbsp; &nbsp; &nbsp; &nbsp; 75 A&nbsp; &nbsp; &nbsp; &nbsp; &nbsp; &nbsp; &nbsp; &nbsp; &nbsp; &nbsp; &nbsp; &nbsp; &nbsp; &nbsp;&nbsp;<\/p>\t\t\t\t\t\t\t\t<\/div>\n\t\t\t\t<\/div>\n\t\t\t\t<div class=\"elementor-element elementor-element-592b4c2 elementor-align-center elementor-widget elementor-widget-button\" data-id=\"592b4c2\" data-element_type=\"widget\" data-widget_type=\"button.default\">\n\t\t\t\t<div class=\"elementor-widget-container\">\n\t\t\t\t\t\t\t\t\t<div class=\"elementor-button-wrapper\">\n\t\t\t\t\t<a class=\"elementor-button elementor-button-link elementor-size-sm\" href=\"https:\/\/novawinch-deutschland.de\/?page_id=175\">\n\t\t\t\t\t\t<span class=\"elementor-button-content-wrapper\">\n\t\t\t\t\t\t\t\t\t<span class=\"elementor-button-text\">Weitere Infos<\/span>\n\t\t\t\t\t<\/span>\n\t\t\t\t\t<\/a>\n\t\t\t\t<\/div>\n\t\t\t\t\t\t\t\t<\/div>\n\t\t\t\t<\/div>\n\t\t\t\t<\/div>\n\t\t\t\t<\/div>\n\t\t\t\t\t<\/details>\n\t\t\t\t\t\t<details id=\"e-n-accordion-item-1001\" class=\"e-n-accordion-item\" >\n\t\t\t\t<summary class=\"e-n-accordion-item-title\" data-accordion-index=\"2\" tabindex=\"-1\" aria-expanded=\"false\" aria-controls=\"e-n-accordion-item-1001\" >\n\t\t\t\t\t<span class='e-n-accordion-item-title-header'><div class=\"e-n-accordion-item-title-text\"> PT 1100 <\/div><\/span>\n\t\t\t\t\t\t\t<span class='e-n-accordion-item-title-icon'>\n\t\t\t<span class='e-opened' ><i aria-hidden=\"true\" class=\"fas fa-minus\"><\/i><\/span>\n\t\t\t<span class='e-closed'><i aria-hidden=\"true\" class=\"fas fa-plus\"><\/i><\/span>\n\t\t<\/span>\n\n\t\t\t\t\t\t<\/summary>\n\t\t\t\t<div role=\"region\" aria-labelledby=\"e-n-accordion-item-1001\" class=\"elementor-element elementor-element-a34cf88 e-con-full e-flex e-con e-child\" data-id=\"a34cf88\" data-element_type=\"container\">\n\t\t<div role=\"region\" aria-labelledby=\"e-n-accordion-item-1001\" class=\"elementor-element elementor-element-c0f166e e-con-full e-flex e-con e-child\" data-id=\"c0f166e\" data-element_type=\"container\" data-settings=\"{&quot;background_background&quot;:&quot;gradient&quot;}\">\n\t\t\t\t<div class=\"elementor-element elementor-element-a817bc8 elementor-widget elementor-widget-image\" data-id=\"a817bc8\" data-element_type=\"widget\" data-widget_type=\"image.default\">\n\t\t\t\t<div class=\"elementor-widget-container\">\n\t\t\t\t\t\t\t\t\t\t\t\t\t\t\t<img decoding=\"async\" width=\"1536\" height=\"1536\" src=\"https:\/\/novawinch-deutschland.de\/wp-content\/uploads\/2026\/04\/HEN-8000-Freigestellt-1536x1536.png\" class=\"attachment-1536x1536 size-1536x1536 wp-image-812\" alt=\"\" srcset=\"https:\/\/novawinch-deutschland.de\/wp-content\/uploads\/2026\/04\/HEN-8000-Freigestellt-1536x1536.png 1536w, https:\/\/novawinch-deutschland.de\/wp-content\/uploads\/2026\/04\/HEN-8000-Freigestellt-300x300.png 300w, https:\/\/novawinch-deutschland.de\/wp-content\/uploads\/2026\/04\/HEN-8000-Freigestellt-1024x1024.png 1024w, https:\/\/novawinch-deutschland.de\/wp-content\/uploads\/2026\/04\/HEN-8000-Freigestellt-150x150.png 150w, https:\/\/novawinch-deutschland.de\/wp-content\/uploads\/2026\/04\/HEN-8000-Freigestellt-768x768.png 768w, https:\/\/novawinch-deutschland.de\/wp-content\/uploads\/2026\/04\/HEN-8000-Freigestellt.png 2048w\" sizes=\"(max-width: 1536px) 100vw, 1536px\" \/>\t\t\t\t\t\t\t\t\t\t\t\t\t\t\t<\/div>\n\t\t\t\t<\/div>\n\t\t\t\t<div class=\"elementor-element elementor-element-7566c01 elementor-widget elementor-widget-heading\" data-id=\"7566c01\" data-element_type=\"widget\" data-widget_type=\"heading.default\">\n\t\t\t\t<div class=\"elementor-widget-container\">\n\t\t\t\t\t<h2 class=\"elementor-heading-title elementor-size-default\">PT 1100 230 V<\/h2>\t\t\t\t<\/div>\n\t\t\t\t<\/div>\n\t\t\t\t<div class=\"elementor-element elementor-element-1538155 elementor-widget elementor-widget-text-editor\" data-id=\"1538155\" data-element_type=\"widget\" data-widget_type=\"text-editor.default\">\n\t\t\t\t<div class=\"elementor-widget-container\">\n\t\t\t\t\t\t\t\t\t<p>Preiswerte und zuverl\u00e4ssige Qualit\u00e4t f\u00fcr jeden Einsatzzweck.<\/p>\t\t\t\t\t\t\t\t<\/div>\n\t\t\t\t<\/div>\n\t\t\t\t<div class=\"elementor-element elementor-element-84d90fd elementor-widget elementor-widget-text-editor\" data-id=\"84d90fd\" data-element_type=\"widget\" data-widget_type=\"text-editor.default\">\n\t\t\t\t<div class=\"elementor-widget-container\">\n\t\t\t\t\t\t\t\t\t<p>Hubkraft:\u00a0 \u00a0 \u00a0 \u00a0 \u00a0 \u00a0 \u00a0 \u00a0 \u00a0 \u00a0 \u00a0 \u00a0 \u00a0 \u00a0 \u00a0 \u00a0 \u00a0500 kg<\/p><p><span style=\"letter-spacing: 0px; background-color: transparent; font-size: 1rem;\">Seill\u00e4nge:\u00a0<\/span>\u00a0 \u00a0 \u00a0 \u00a0 \u00a0 \u00a0 \u00a0 \u00a0 \u00a0 \u00a0 \u00a0 \u00a0 \u00a0 \u00a0 \u00a0 \u00a0 \u00a04,6 m<\/p><p><span style=\"letter-spacing: 0px; background-color: transparent; font-size: 1rem;\">Motor<\/span>:\u00a0 \u00a0 \u00a0 \u00a0 \u00a0 \u00a0 \u00a0 \u00a0 \u00a0 \u00a0 \u00a0 \u00a0 \u00a0 \u00a0 \u00a0 \u00a0 \u00a0 \u00a0 \u00a0 \u00a0230 V<\/p>\t\t\t\t\t\t\t\t<\/div>\n\t\t\t\t<\/div>\n\t\t\t\t<div class=\"elementor-element elementor-element-a2a4a08 elementor-widget elementor-widget-button\" data-id=\"a2a4a08\" data-element_type=\"widget\" data-widget_type=\"button.default\">\n\t\t\t\t<div class=\"elementor-widget-container\">\n\t\t\t\t\t\t\t\t\t<div class=\"elementor-button-wrapper\">\n\t\t\t\t\t<a class=\"elementor-button elementor-button-link elementor-size-sm\" href=\"https:\/\/novawinch-deutschland.de\/?page_id=275\">\n\t\t\t\t\t\t<span class=\"elementor-button-content-wrapper\">\n\t\t\t\t\t\t\t\t\t<span class=\"elementor-button-text\">Mehr erfahren<\/span>\n\t\t\t\t\t<\/span>\n\t\t\t\t\t<\/a>\n\t\t\t\t<\/div>\n\t\t\t\t\t\t\t\t<\/div>\n\t\t\t\t<\/div>\n\t\t\t\t<\/div>\n\t\t<div role=\"region\" aria-labelledby=\"e-n-accordion-item-1001\" class=\"elementor-element elementor-element-ec62a38 e-con-full e-flex e-con e-child\" data-id=\"ec62a38\" data-element_type=\"container\" data-settings=\"{&quot;background_background&quot;:&quot;gradient&quot;}\">\n\t\t\t\t<div class=\"elementor-element elementor-element-db49aac elementor-widget elementor-widget-image\" data-id=\"db49aac\" data-element_type=\"widget\" data-widget_type=\"image.default\">\n\t\t\t\t<div class=\"elementor-widget-container\">\n\t\t\t\t\t\t\t\t\t\t\t\t\t\t\t<img decoding=\"async\" width=\"1536\" height=\"1536\" src=\"https:\/\/novawinch-deutschland.de\/wp-content\/uploads\/2026\/04\/HEN-8000-Freigestellt-1536x1536.png\" class=\"attachment-1536x1536 size-1536x1536 wp-image-812\" alt=\"\" srcset=\"https:\/\/novawinch-deutschland.de\/wp-content\/uploads\/2026\/04\/HEN-8000-Freigestellt-1536x1536.png 1536w, https:\/\/novawinch-deutschland.de\/wp-content\/uploads\/2026\/04\/HEN-8000-Freigestellt-300x300.png 300w, https:\/\/novawinch-deutschland.de\/wp-content\/uploads\/2026\/04\/HEN-8000-Freigestellt-1024x1024.png 1024w, https:\/\/novawinch-deutschland.de\/wp-content\/uploads\/2026\/04\/HEN-8000-Freigestellt-150x150.png 150w, https:\/\/novawinch-deutschland.de\/wp-content\/uploads\/2026\/04\/HEN-8000-Freigestellt-768x768.png 768w, https:\/\/novawinch-deutschland.de\/wp-content\/uploads\/2026\/04\/HEN-8000-Freigestellt.png 2048w\" sizes=\"(max-width: 1536px) 100vw, 1536px\" \/>\t\t\t\t\t\t\t\t\t\t\t\t\t\t\t<\/div>\n\t\t\t\t<\/div>\n\t\t\t\t<div class=\"elementor-element elementor-element-75b3d35 elementor-widget elementor-widget-heading\" data-id=\"75b3d35\" data-element_type=\"widget\" data-widget_type=\"heading.default\">\n\t\t\t\t<div class=\"elementor-widget-container\">\n\t\t\t\t\t<h2 class=\"elementor-heading-title elementor-size-default\">PT 1100 20 V Akku<\/h2>\t\t\t\t<\/div>\n\t\t\t\t<\/div>\n\t\t\t\t<div class=\"elementor-element elementor-element-ec84e96 elementor-widget elementor-widget-text-editor\" data-id=\"ec84e96\" data-element_type=\"widget\" data-widget_type=\"text-editor.default\">\n\t\t\t\t<div class=\"elementor-widget-container\">\n\t\t\t\t\t\t\t\t\t<p>Preiswerte und zuverl\u00e4ssige Qualit\u00e4t f\u00fcr jeden Einsatzzweck.<\/p>\t\t\t\t\t\t\t\t<\/div>\n\t\t\t\t<\/div>\n\t\t\t\t<div class=\"elementor-element elementor-element-6bd1821 elementor-widget elementor-widget-text-editor\" data-id=\"6bd1821\" data-element_type=\"widget\" data-widget_type=\"text-editor.default\">\n\t\t\t\t<div class=\"elementor-widget-container\">\n\t\t\t\t\t\t\t\t\t<p>Hubkraft:\u00a0 \u00a0 \u00a0 \u00a0 \u00a0 \u00a0 \u00a0 \u00a0 \u00a0 \u00a0 \u00a0 \u00a0 \u00a0 \u00a0 \u00a0 \u00a0 \u00a0500 kg<\/p><p><span style=\"letter-spacing: 0px; background-color: transparent; font-size: 1rem;\">Seill\u00e4nge:\u00a0<\/span>\u00a0 \u00a0 \u00a0 \u00a0 \u00a0 \u00a0 \u00a0 \u00a0 \u00a0 \u00a0 \u00a0 \u00a0 \u00a0 \u00a0 \u00a0 \u00a0 \u00a04,6 m<\/p><p><span style=\"letter-spacing: 0px; background-color: transparent; font-size: 1rem;\">Motor<\/span>:\u00a0 \u00a0 \u00a0 \u00a0 \u00a0 \u00a0 \u00a0 \u00a0 \u00a0 \u00a0 \u00a0 \u00a0 \u00a0 \u00a0 \u00a0 \u00a0 \u00a0 \u00a0 \u00a0 \u00a020 V<\/p>\t\t\t\t\t\t\t\t<\/div>\n\t\t\t\t<\/div>\n\t\t\t\t<div class=\"elementor-element elementor-element-34977e8 elementor-widget elementor-widget-button\" data-id=\"34977e8\" data-element_type=\"widget\" data-widget_type=\"button.default\">\n\t\t\t\t<div class=\"elementor-widget-container\">\n\t\t\t\t\t\t\t\t\t<div class=\"elementor-button-wrapper\">\n\t\t\t\t\t<a class=\"elementor-button elementor-button-link elementor-size-sm\" href=\"https:\/\/novawinch-deutschland.de\/?page_id=275\">\n\t\t\t\t\t\t<span class=\"elementor-button-content-wrapper\">\n\t\t\t\t\t\t\t\t\t<span class=\"elementor-button-text\">Mehr erfahren<\/span>\n\t\t\t\t\t<\/span>\n\t\t\t\t\t<\/a>\n\t\t\t\t<\/div>\n\t\t\t\t\t\t\t\t<\/div>\n\t\t\t\t<\/div>\n\t\t\t\t<\/div>\n\t\t\t\t<\/div>\n\t\t\t\t\t<\/details>\n\t\t\t\t\t<\/div>\n\t\t\t\t\t\t<\/div>\n\t\t\t\t<\/div>\n\t\t\t\t<div class=\"elementor-element elementor-element-5afb32d elementor-widget elementor-widget-text-editor\" data-id=\"5afb32d\" data-element_type=\"widget\" data-widget_type=\"text-editor.default\">\n\t\t\t\t<div class=\"elementor-widget-container\">\n\t\t\t\t\t\t\t\t\t<p>Hydraulische Seilwinden kaufen &#8211; Die Vorteile im \u00dcberblick:<\/p><h6><span style=\"background-color: transparent;\">Wer eine hydraulische Seilwinde kaufen m\u00f6chte, entscheidet sich f\u00fcr maximale Leistungsf\u00e4higkeit und Langlebigkeit.\u00a0<\/span><\/h6><h6><span style=\"background-color: transparent;\">Ihre Vorteile mit Novawinch:<\/span><span style=\"background-color: transparent;\"><br \/><\/span><\/h6><ul><li>Konstante Zugkraft im Dauerbetrieb<\/li><li>Kein \u00dcberhitzen auch bei intensiver Nutzung<\/li><li>Extrem robuste und langlebige Bauweise<\/li><li>Hohe Effizienz durch Hydraulikantrieb<\/li><li>Ideal f\u00fcr schwere Lasten und professionelle Anwendungen. Anh\u00e4nger und Trailer<\/li><li>Damit sind hydraulische Seilwinden die erste Wahl f\u00fcr Unternehmen, die auf zuverl\u00e4ssige Technik angewiesen sind.\u00a0<\/li><\/ul><h6>F\u00fcr Industrie, Bau und Abschleppdienst entwickelt.\u00a0<\/h6><p>Novawich hydraulische Seilwinden sind speziell f\u00fcr den t\u00e4glichen Einsatz unter anspruchsvollen Bedingungen konzipiert. Sie lassen sich problemlos in Bestehende Hydrauliksysteme integrieren und bieten maximale Flexibilit\u00e4t.\u00a0<\/p><h6>Typische Einsatzbereiche:\u00a0<\/h6><ul><li>Hydraulische Seilwinde f\u00fcr LKW und Nutzfahrzeuge<\/li><li>Abschleppdienste und Bergefahrzeuge<\/li><li>Bauunternehmen und Bauh\u00f6fe<\/li><li>Land- und Forstwirtschaft<\/li><li>Kommunale Betriebe und Industrieanlagen<\/li><\/ul><div>\u00a0<\/div><p>Wenn Sie eine hydraulische Seilwinde f\u00fcr den professionellen Einsatz suchen, ist Novawinch die richtige Wahl. Ob f\u00fcr Abschleppdienst, bauunternhemen oder Industrie, diese Seilwinden liefern die Leistung, die Sie im Arbeitsalltag ben\u00f6tigen.<\/p><h6>Jetzt hydraulische Seilwinde kaufen und von maximaler Leistung profitieren.\u00a0<\/h6>\t\t\t\t\t\t\t\t<\/div>\n\t\t\t\t<\/div>\n\t\t\t\t\t<\/div>\n\t\t\t\t<\/div>\n\t\t<div class=\"elementor-element elementor-element-9a3720d e-flex e-con-boxed e-con e-parent\" data-id=\"9a3720d\" data-element_type=\"container\">\n\t\t\t\t\t<div class=\"e-con-inner\">\n\t\t\t\t<div class=\"elementor-element elementor-element-8acdf33 elementor-widget elementor-widget-button\" data-id=\"8acdf33\" data-element_type=\"widget\" data-widget_type=\"button.default\">\n\t\t\t\t<div class=\"elementor-widget-container\">\n\t\t\t\t\t\t\t\t\t<div class=\"elementor-button-wrapper\">\n\t\t\t\t\t<a class=\"elementor-button elementor-button-link elementor-size-sm\" href=\"https:\/\/wiegel-shop.de\/collections\/seilwinden\">\n\t\t\t\t\t\t<span class=\"elementor-button-content-wrapper\">\n\t\t\t\t\t\t\t\t\t<span class=\"elementor-button-text\">Zum Shop<\/span>\n\t\t\t\t\t<\/span>\n\t\t\t\t\t<\/a>\n\t\t\t\t<\/div>\n\t\t\t\t\t\t\t\t<\/div>\n\t\t\t\t<\/div>\n\t\t\t\t\t<\/div>\n\t\t\t\t<\/div>\n\t\t\t\t<\/div>\n\t\t","protected":false},"excerpt":{"rendered":"<p>Hubwinden Maximale Leistung f\u00fcr den professionellen Einsatz Hydraulische Seilwinden von Novawinch stehen f\u00fcr kompromisslose Leistung, extreme Belastbarkeit und ein starkes Preis-Leistungs-Verh\u00e4ltnis im gewerblichen Einsatz. Entwickelt f\u00fcr den Einsatz in Industrie, Bau und Abschleppdienst \u00fcberzeugen diese leistungsstarken Seilwinden durch ihre Zuverl\u00e4ssigkeit auch unter Dauerbelastung. TH 1000 TH 1000 Robust und leistungsf\u00e4hige Hubwinde f\u00fcr Bauwesen,\u00a0 Industrie und [&hellip;]<\/p>\n","protected":false},"author":1,"featured_media":0,"parent":0,"menu_order":0,"comment_status":"closed","ping_status":"closed","template":"","meta":{"footnotes":""},"class_list":["post-942","page","type-page","status-publish","hentry"],"_links":{"self":[{"href":"https:\/\/novawinch-deutschland.de\/index.php?rest_route=\/wp\/v2\/pages\/942","targetHints":{"allow":["GET"]}}],"collection":[{"href":"https:\/\/novawinch-deutschland.de\/index.php?rest_route=\/wp\/v2\/pages"}],"about":[{"href":"https:\/\/novawinch-deutschland.de\/index.php?rest_route=\/wp\/v2\/types\/page"}],"author":[{"embeddable":true,"href":"https:\/\/novawinch-deutschland.de\/index.php?rest_route=\/wp\/v2\/users\/1"}],"replies":[{"embeddable":true,"href":"https:\/\/novawinch-deutschland.de\/index.php?rest_route=%2Fwp%2Fv2%2Fcomments&post=942"}],"version-history":[{"count":19,"href":"https:\/\/novawinch-deutschland.de\/index.php?rest_route=\/wp\/v2\/pages\/942\/revisions"}],"predecessor-version":[{"id":990,"href":"https:\/\/novawinch-deutschland.de\/index.php?rest_route=\/wp\/v2\/pages\/942\/revisions\/990"}],"wp:attachment":[{"href":"https:\/\/novawinch-deutschland.de\/index.php?rest_route=%2Fwp%2Fv2%2Fmedia&parent=942"}],"curies":[{"name":"wp","href":"https:\/\/api.w.org\/{rel}","templated":true}]}}